{"id":1015,"date":"2021-05-07T16:38:49","date_gmt":"2021-05-07T16:38:49","guid":{"rendered":"http:\/\/masoveriadeterradellas.com\/xalem.com\/public_html\/?page_id=1015"},"modified":"2021-05-10T08:41:01","modified_gmt":"2021-05-10T08:41:01","slug":"psicomotricitat","status":"publish","type":"page","link":"https:\/\/www.xalemextraescolars.com\/index.php\/psicomotricitat\/","title":{"rendered":"Psicomotricitat"},"content":{"rendered":"\n<p>Els m\u00e9s menuts\/des de l\u2019escola s\u2019ho passen pipa mentre treballen la part motriu del seu cos! Salten, criden, ballen, riuen i s\u2019ho passen d\u2019all\u00f2 m\u00e9s b\u00e9!<\/p>\n\n\n\n<figure class=\"wp-block-gallery columns-3 is-cropped wp-block-gallery-1 is-layout-flex wp-block-gallery-is-layout-flex\"><ul class=\"blocks-gallery-grid\"><li class=\"blocks-gallery-item\"><figure><img loading=\"lazy\" decoding=\"async\" width=\"768\" height=\"1024\" src=\"http:\/\/masoveriadeterradellas.com\/xalem.com\/public_html\/wp-content\/uploads\/2021\/05\/IMG_20171020_154926_280-768x1024.jpg\" alt=\"\" data-id=\"1147\" data-full-url=\"http:\/\/masoveriadeterradellas.com\/xalem.com\/public_html\/wp-content\/uploads\/2021\/05\/IMG_20171020_154926_280-scaled.jpg\" data-link=\"http:\/\/masoveriadeterradellas.com\/xalem.com\/public_html\/index.php\/psicomotricitat\/img_20171020_154926_280\/\" class=\"wp-image-1147\" srcset=\"https:\/\/www.xalemextraescolars.com\/wp-content\/uploads\/2021\/05\/IMG_20171020_154926_280-768x1024.jpg 768w, https:\/\/www.xalemextraescolars.com\/wp-content\/uploads\/2021\/05\/IMG_20171020_154926_280-225x300.jpg 225w, https:\/\/www.xalemextraescolars.com\/wp-content\/uploads\/2021\/05\/IMG_20171020_154926_280-1152x1536.jpg 1152w, https:\/\/www.xalemextraescolars.com\/wp-content\/uploads\/2021\/05\/IMG_20171020_154926_280-1536x2048.jpg 1536w, https:\/\/www.xalemextraescolars.com\/wp-content\/uploads\/2021\/05\/IMG_20171020_154926_280-scaled.jpg 1920w\" sizes=\"auto, (max-width: 768px) 100vw, 768px\" \/><\/figure><\/li><li class=\"blocks-gallery-item\"><figure><img loading=\"lazy\" decoding=\"async\" width=\"768\" height=\"1024\" src=\"http:\/\/masoveriadeterradellas.com\/xalem.com\/public_html\/wp-content\/uploads\/2021\/05\/IMG1517582083957_00008_BURST1517582083957-768x1024.jpg\" alt=\"\" data-id=\"1148\" data-full-url=\"http:\/\/masoveriadeterradellas.com\/xalem.com\/public_html\/wp-content\/uploads\/2021\/05\/IMG1517582083957_00008_BURST1517582083957-scaled.jpg\" data-link=\"http:\/\/masoveriadeterradellas.com\/xalem.com\/public_html\/index.php\/psicomotricitat\/img1517582083957_00008_burst1517582083957\/\" class=\"wp-image-1148\" srcset=\"https:\/\/www.xalemextraescolars.com\/wp-content\/uploads\/2021\/05\/IMG1517582083957_00008_BURST1517582083957-768x1024.jpg 768w, https:\/\/www.xalemextraescolars.com\/wp-content\/uploads\/2021\/05\/IMG1517582083957_00008_BURST1517582083957-225x300.jpg 225w, https:\/\/www.xalemextraescolars.com\/wp-content\/uploads\/2021\/05\/IMG1517582083957_00008_BURST1517582083957-1152x1536.jpg 1152w, https:\/\/www.xalemextraescolars.com\/wp-content\/uploads\/2021\/05\/IMG1517582083957_00008_BURST1517582083957-1536x2048.jpg 1536w, https:\/\/www.xalemextraescolars.com\/wp-content\/uploads\/2021\/05\/IMG1517582083957_00008_BURST1517582083957-scaled.jpg 1920w\" sizes=\"auto, (max-width: 768px) 100vw, 768px\" \/><\/figure><\/li><li class=\"blocks-gallery-item\"><figure><img loading=\"lazy\" decoding=\"async\" width=\"1024\" height=\"768\" src=\"http:\/\/masoveriadeterradellas.com\/xalem.com\/public_html\/wp-content\/uploads\/2021\/05\/IMG1521815168582_00006_BURST1521815168582-1024x768.jpg\" alt=\"\" data-id=\"1149\" data-full-url=\"http:\/\/masoveriadeterradellas.com\/xalem.com\/public_html\/wp-content\/uploads\/2021\/05\/IMG1521815168582_00006_BURST1521815168582-scaled.jpg\" data-link=\"http:\/\/masoveriadeterradellas.com\/xalem.com\/public_html\/index.php\/psicomotricitat\/img1521815168582_00006_burst1521815168582\/\" class=\"wp-image-1149\" srcset=\"https:\/\/www.xalemextraescolars.com\/wp-content\/uploads\/2021\/05\/IMG1521815168582_00006_BURST1521815168582-1024x768.jpg 1024w, https:\/\/www.xalemextraescolars.com\/wp-content\/uploads\/2021\/05\/IMG1521815168582_00006_BURST1521815168582-300x225.jpg 300w, https:\/\/www.xalemextraescolars.com\/wp-content\/uploads\/2021\/05\/IMG1521815168582_00006_BURST1521815168582-768x576.jpg 768w, https:\/\/www.xalemextraescolars.com\/wp-content\/uploads\/2021\/05\/IMG1521815168582_00006_BURST1521815168582-1536x1152.jpg 1536w, https:\/\/www.xalemextraescolars.com\/wp-content\/uploads\/2021\/05\/IMG1521815168582_00006_BURST1521815168582-2048x1536.jpg 2048w, https:\/\/www.xalemextraescolars.com\/wp-content\/uploads\/2021\/05\/IMG1521815168582_00006_BURST1521815168582-400x300.jpg 400w\" sizes=\"auto, (max-width: 1024px) 100vw, 1024px\" \/><\/figure><\/li><\/ul><\/figure>\n","protected":false},"excerpt":{"rendered":"<p>Els m\u00e9s menuts\/des de l\u2019escola s\u2019ho passen pipa mentre treballen la part motriu del seu cos! Salten, criden, ballen, riuen i s\u2019ho passen d\u2019all\u00f2 m\u00e9s &hellip;<\/p>\n","protected":false},"author":3,"featured_media":0,"parent":0,"menu_order":0,"comment_status":"closed","ping_status":"closed","template":"","meta":{"footnotes":""},"class_list":["post-1015","page","type-page","status-publish","hentry"],"_links":{"self":[{"href":"https:\/\/www.xalemextraescolars.com\/index.php\/wp-json\/wp\/v2\/pages\/1015","targetHints":{"allow":["GET"]}}],"collection":[{"href":"https:\/\/www.xalemextraescolars.com\/index.php\/wp-json\/wp\/v2\/pages"}],"about":[{"href":"https:\/\/www.xalemextraescolars.com\/index.php\/wp-json\/wp\/v2\/types\/page"}],"author":[{"embeddable":true,"href":"https:\/\/www.xalemextraescolars.com\/index.php\/wp-json\/wp\/v2\/users\/3"}],"replies":[{"embeddable":true,"href":"https:\/\/www.xalemextraescolars.com\/index.php\/wp-json\/wp\/v2\/comments?post=1015"}],"version-history":[{"count":2,"href":"https:\/\/www.xalemextraescolars.com\/index.php\/wp-json\/wp\/v2\/pages\/1015\/revisions"}],"predecessor-version":[{"id":1150,"href":"https:\/\/www.xalemextraescolars.com\/index.php\/wp-json\/wp\/v2\/pages\/1015\/revisions\/1150"}],"wp:attachment":[{"href":"https:\/\/www.xalemextraescolars.com\/index.php\/wp-json\/wp\/v2\/media?parent=1015"}],"curies":[{"name":"wp","href":"https:\/\/api.w.org\/{rel}","templated":true}]}}