{"id":1023,"date":"2021-05-07T17:13:11","date_gmt":"2021-05-07T17:13:11","guid":{"rendered":"http:\/\/masoveriadeterradellas.com\/xalem.com\/public_html\/?page_id=1023"},"modified":"2021-05-10T21:13:59","modified_gmt":"2021-05-10T21:13:59","slug":"btt","status":"publish","type":"page","link":"https:\/\/www.xalemextraescolars.com\/index.php\/btt\/","title":{"rendered":"BTT"},"content":{"rendered":"\n<p>Ets amant de les dues rodes? Cada dia provarem coses noves; jocs, equilibri, corriols, camins, pujades i baixades i tot el qu\u00e8 us podeu imaginar \u00e9s el qu\u00e8 fem amb la bicicleta!<\/p>\n\n\n\n<figure class=\"wp-block-gallery columns-2 is-cropped wp-block-gallery-1 is-layout-flex wp-block-gallery-is-layout-flex\"><ul class=\"blocks-gallery-grid\"><li class=\"blocks-gallery-item\"><figure><img loading=\"lazy\" decoding=\"async\" width=\"1024\" height=\"1024\" src=\"http:\/\/masoveriadeterradellas.com\/xalem.com\/public_html\/wp-content\/uploads\/2021\/05\/IMG_20201124_211145_682-1024x1024.jpg\" alt=\"\" data-id=\"1271\" data-link=\"http:\/\/masoveriadeterradellas.com\/xalem.com\/public_html\/index.php\/btt\/img_20201124_211145_682\/\" class=\"wp-image-1271\" srcset=\"https:\/\/www.xalemextraescolars.com\/wp-content\/uploads\/2021\/05\/IMG_20201124_211145_682-1024x1024.jpg 1024w, https:\/\/www.xalemextraescolars.com\/wp-content\/uploads\/2021\/05\/IMG_20201124_211145_682-300x300.jpg 300w, https:\/\/www.xalemextraescolars.com\/wp-content\/uploads\/2021\/05\/IMG_20201124_211145_682-150x150.jpg 150w, https:\/\/www.xalemextraescolars.com\/wp-content\/uploads\/2021\/05\/IMG_20201124_211145_682-768x768.jpg 768w, https:\/\/www.xalemextraescolars.com\/wp-content\/uploads\/2021\/05\/IMG_20201124_211145_682-1536x1536.jpg 1536w, https:\/\/www.xalemextraescolars.com\/wp-content\/uploads\/2021\/05\/IMG_20201124_211145_682-2048x2048.jpg 2048w\" sizes=\"auto, (max-width: 1024px) 100vw, 1024px\" \/><\/figure><\/li><li class=\"blocks-gallery-item\"><figure><img loading=\"lazy\" decoding=\"async\" width=\"576\" height=\"1024\" src=\"http:\/\/masoveriadeterradellas.com\/xalem.com\/public_html\/wp-content\/uploads\/2021\/05\/DSC_3005-2-576x1024.jpg\" alt=\"\" data-id=\"1278\" data-full-url=\"http:\/\/masoveriadeterradellas.com\/xalem.com\/public_html\/wp-content\/uploads\/2021\/05\/DSC_3005-2-scaled.jpg\" data-link=\"http:\/\/masoveriadeterradellas.com\/xalem.com\/public_html\/index.php\/btt\/dsc_3005-2\/\" class=\"wp-image-1278\" srcset=\"https:\/\/www.xalemextraescolars.com\/wp-content\/uploads\/2021\/05\/DSC_3005-2-576x1024.jpg 576w, https:\/\/www.xalemextraescolars.com\/wp-content\/uploads\/2021\/05\/DSC_3005-2-169x300.jpg 169w, https:\/\/www.xalemextraescolars.com\/wp-content\/uploads\/2021\/05\/DSC_3005-2-768x1365.jpg 768w, https:\/\/www.xalemextraescolars.com\/wp-content\/uploads\/2021\/05\/DSC_3005-2-864x1536.jpg 864w, https:\/\/www.xalemextraescolars.com\/wp-content\/uploads\/2021\/05\/DSC_3005-2-1152x2048.jpg 1152w, https:\/\/www.xalemextraescolars.com\/wp-content\/uploads\/2021\/05\/DSC_3005-2-scaled.jpg 1440w\" sizes=\"auto, (max-width: 576px) 100vw, 576px\" \/><\/figure><\/li><\/ul><\/figure>\n","protected":false},"excerpt":{"rendered":"<p>Ets amant de les dues rodes? Cada dia provarem coses noves; jocs, equilibri, corriols, camins, pujades i baixades i tot el qu\u00e8 us podeu imaginar &hellip;<\/p>\n","protected":false},"author":3,"featured_media":0,"parent":0,"menu_order":0,"comment_status":"closed","ping_status":"closed","template":"","meta":{"footnotes":""},"class_list":["post-1023","page","type-page","status-publish","hentry"],"_links":{"self":[{"href":"https:\/\/www.xalemextraescolars.com\/index.php\/wp-json\/wp\/v2\/pages\/1023","targetHints":{"allow":["GET"]}}],"collection":[{"href":"https:\/\/www.xalemextraescolars.com\/index.php\/wp-json\/wp\/v2\/pages"}],"about":[{"href":"https:\/\/www.xalemextraescolars.com\/index.php\/wp-json\/wp\/v2\/types\/page"}],"author":[{"embeddable":true,"href":"https:\/\/www.xalemextraescolars.com\/index.php\/wp-json\/wp\/v2\/users\/3"}],"replies":[{"embeddable":true,"href":"https:\/\/www.xalemextraescolars.com\/index.php\/wp-json\/wp\/v2\/comments?post=1023"}],"version-history":[{"count":3,"href":"https:\/\/www.xalemextraescolars.com\/index.php\/wp-json\/wp\/v2\/pages\/1023\/revisions"}],"predecessor-version":[{"id":1279,"href":"https:\/\/www.xalemextraescolars.com\/index.php\/wp-json\/wp\/v2\/pages\/1023\/revisions\/1279"}],"wp:attachment":[{"href":"https:\/\/www.xalemextraescolars.com\/index.php\/wp-json\/wp\/v2\/media?parent=1023"}],"curies":[{"name":"wp","href":"https:\/\/api.w.org\/{rel}","templated":true}]}}