{"id":1027,"date":"2021-05-07T17:14:07","date_gmt":"2021-05-07T17:14:07","guid":{"rendered":"http:\/\/masoveriadeterradellas.com\/xalem.com\/public_html\/?page_id=1027"},"modified":"2021-05-14T06:52:05","modified_gmt":"2021-05-14T06:52:05","slug":"running","status":"publish","type":"page","link":"https:\/\/www.xalemextraescolars.com\/index.php\/running\/","title":{"rendered":"Running"},"content":{"rendered":"\n<p>La relaci\u00f3 amb la natura \u00e9s primordial en aquesta activitat; saltar, c\u00f3rrer, amagar-nos, trobar-nos i xalar molt \u00e9s el qu\u00e8 fem a running. Jocs de c\u00f3rrer, esbargir-nos i de disfrutar \u00e9s el qu\u00e8 fem a running.<\/p>\n\n\n\n<figure class=\"wp-block-gallery columns-3 is-cropped wp-block-gallery-1 is-layout-flex wp-block-gallery-is-layout-flex\"><ul class=\"blocks-gallery-grid\"><li class=\"blocks-gallery-item\"><figure><img loading=\"lazy\" decoding=\"async\" width=\"1024\" height=\"768\" src=\"http:\/\/masoveriadeterradellas.com\/xalem.com\/public_html\/wp-content\/uploads\/2021\/05\/IMG_20190118_175642_796-1024x768.jpg\" alt=\"\" data-id=\"1227\" data-link=\"http:\/\/masoveriadeterradellas.com\/xalem.com\/public_html\/index.php\/running\/img_20190118_175642_796\/\" class=\"wp-image-1227\" srcset=\"https:\/\/www.xalemextraescolars.com\/wp-content\/uploads\/2021\/05\/IMG_20190118_175642_796-1024x768.jpg 1024w, https:\/\/www.xalemextraescolars.com\/wp-content\/uploads\/2021\/05\/IMG_20190118_175642_796-300x225.jpg 300w, https:\/\/www.xalemextraescolars.com\/wp-content\/uploads\/2021\/05\/IMG_20190118_175642_796-768x576.jpg 768w, https:\/\/www.xalemextraescolars.com\/wp-content\/uploads\/2021\/05\/IMG_20190118_175642_796-1536x1152.jpg 1536w, https:\/\/www.xalemextraescolars.com\/wp-content\/uploads\/2021\/05\/IMG_20190118_175642_796-2048x1536.jpg 2048w, https:\/\/www.xalemextraescolars.com\/wp-content\/uploads\/2021\/05\/IMG_20190118_175642_796-400x300.jpg 400w\" sizes=\"auto, (max-width: 1024px) 100vw, 1024px\" \/><\/figure><\/li><li class=\"blocks-gallery-item\"><figure><img loading=\"lazy\" decoding=\"async\" width=\"768\" height=\"1024\" src=\"http:\/\/masoveriadeterradellas.com\/xalem.com\/public_html\/wp-content\/uploads\/2021\/05\/WhatsApp-Image-2021-05-10-at-11.36.13-1-768x1024.jpeg\" alt=\"\" data-id=\"1228\" data-link=\"http:\/\/masoveriadeterradellas.com\/xalem.com\/public_html\/index.php\/running\/whatsapp-image-2021-05-10-at-11-36-13-1\/\" class=\"wp-image-1228\" srcset=\"https:\/\/www.xalemextraescolars.com\/wp-content\/uploads\/2021\/05\/WhatsApp-Image-2021-05-10-at-11.36.13-1-768x1024.jpeg 768w, https:\/\/www.xalemextraescolars.com\/wp-content\/uploads\/2021\/05\/WhatsApp-Image-2021-05-10-at-11.36.13-1-225x300.jpeg 225w, https:\/\/www.xalemextraescolars.com\/wp-content\/uploads\/2021\/05\/WhatsApp-Image-2021-05-10-at-11.36.13-1-1152x1536.jpeg 1152w, https:\/\/www.xalemextraescolars.com\/wp-content\/uploads\/2021\/05\/WhatsApp-Image-2021-05-10-at-11.36.13-1.jpeg 1536w\" sizes=\"auto, (max-width: 768px) 100vw, 768px\" \/><\/figure><\/li><li class=\"blocks-gallery-item\"><figure><img loading=\"lazy\" decoding=\"async\" width=\"768\" height=\"1024\" src=\"http:\/\/xalemextraescolars.com\/wp-content\/uploads\/2021\/05\/WhatsApp-Image-2021-05-12-at-16.32.53-768x1024.jpeg\" alt=\"\" data-id=\"1347\" data-full-url=\"http:\/\/xalemextraescolars.com\/wp-content\/uploads\/2021\/05\/WhatsApp-Image-2021-05-12-at-16.32.53.jpeg\" data-link=\"http:\/\/xalemextraescolars.com\/index.php\/running\/whatsapp-image-2021-05-12-at-16-32-53\/\" class=\"wp-image-1347\" srcset=\"https:\/\/www.xalemextraescolars.com\/wp-content\/uploads\/2021\/05\/WhatsApp-Image-2021-05-12-at-16.32.53-768x1024.jpeg 768w, https:\/\/www.xalemextraescolars.com\/wp-content\/uploads\/2021\/05\/WhatsApp-Image-2021-05-12-at-16.32.53-225x300.jpeg 225w, https:\/\/www.xalemextraescolars.com\/wp-content\/uploads\/2021\/05\/WhatsApp-Image-2021-05-12-at-16.32.53-1152x1536.jpeg 1152w, https:\/\/www.xalemextraescolars.com\/wp-content\/uploads\/2021\/05\/WhatsApp-Image-2021-05-12-at-16.32.53.jpeg 1200w\" sizes=\"auto, (max-width: 768px) 100vw, 768px\" \/><\/figure><\/li><\/ul><\/figure>\n","protected":false},"excerpt":{"rendered":"<p>La relaci\u00f3 amb la natura \u00e9s primordial en aquesta activitat; saltar, c\u00f3rrer, amagar-nos, trobar-nos i xalar molt \u00e9s el qu\u00e8 fem a running. Jocs de &hellip;<\/p>\n","protected":false},"author":3,"featured_media":0,"parent":0,"menu_order":0,"comment_status":"closed","ping_status":"closed","template":"","meta":{"footnotes":""},"class_list":["post-1027","page","type-page","status-publish","hentry"],"_links":{"self":[{"href":"https:\/\/www.xalemextraescolars.com\/index.php\/wp-json\/wp\/v2\/pages\/1027","targetHints":{"allow":["GET"]}}],"collection":[{"href":"https:\/\/www.xalemextraescolars.com\/index.php\/wp-json\/wp\/v2\/pages"}],"about":[{"href":"https:\/\/www.xalemextraescolars.com\/index.php\/wp-json\/wp\/v2\/types\/page"}],"author":[{"embeddable":true,"href":"https:\/\/www.xalemextraescolars.com\/index.php\/wp-json\/wp\/v2\/users\/3"}],"replies":[{"embeddable":true,"href":"https:\/\/www.xalemextraescolars.com\/index.php\/wp-json\/wp\/v2\/comments?post=1027"}],"version-history":[{"count":3,"href":"https:\/\/www.xalemextraescolars.com\/index.php\/wp-json\/wp\/v2\/pages\/1027\/revisions"}],"predecessor-version":[{"id":1348,"href":"https:\/\/www.xalemextraescolars.com\/index.php\/wp-json\/wp\/v2\/pages\/1027\/revisions\/1348"}],"wp:attachment":[{"href":"https:\/\/www.xalemextraescolars.com\/index.php\/wp-json\/wp\/v2\/media?parent=1027"}],"curies":[{"name":"wp","href":"https:\/\/api.w.org\/{rel}","templated":true}]}}