{"id":1029,"date":"2021-05-07T17:14:42","date_gmt":"2021-05-07T17:14:42","guid":{"rendered":"http:\/\/masoveriadeterradellas.com\/xalem.com\/public_html\/?page_id=1029"},"modified":"2022-03-02T09:40:32","modified_gmt":"2022-03-02T09:40:32","slug":"orientacio","status":"publish","type":"page","link":"https:\/\/www.xalemextraescolars.com\/index.php\/orientacio\/","title":{"rendered":"Orientaci\u00f3"},"content":{"rendered":"\n<p>Tens una bona intu\u00efci\u00f3 amb els mapes? T\u2019agrada buscar fites a la natura? Doncs a orientaci\u00f3 fem tot aix\u00f2! Orienta\u2019t, busca, corre, mira la br\u00faixola, busca el nord i sobretot troba el cam\u00ed m\u00e9s r\u00e0pid!<\/p>\n\n\n\n<figure class=\"wp-block-gallery has-nested-images columns-default is-cropped wp-block-gallery-1 is-layout-flex wp-block-gallery-is-layout-flex\">\n<figure class=\"wp-block-image size-large\"><img loading=\"lazy\" decoding=\"async\" width=\"768\" height=\"1024\" data-id=\"1421\" src=\"https:\/\/xalemextraescolars.com\/wp-content\/uploads\/2022\/03\/WhatsApp-Image-2022-03-02-at-10.38.54-768x1024.jpeg\" alt=\"\" class=\"wp-image-1421\" srcset=\"https:\/\/www.xalemextraescolars.com\/wp-content\/uploads\/2022\/03\/WhatsApp-Image-2022-03-02-at-10.38.54-768x1024.jpeg 768w, https:\/\/www.xalemextraescolars.com\/wp-content\/uploads\/2022\/03\/WhatsApp-Image-2022-03-02-at-10.38.54-225x300.jpeg 225w, https:\/\/www.xalemextraescolars.com\/wp-content\/uploads\/2022\/03\/WhatsApp-Image-2022-03-02-at-10.38.54-1152x1536.jpeg 1152w, https:\/\/www.xalemextraescolars.com\/wp-content\/uploads\/2022\/03\/WhatsApp-Image-2022-03-02-at-10.38.54.jpeg 1200w\" sizes=\"auto, (max-width: 768px) 100vw, 768px\" \/><\/figure>\n\n\n\n<figure class=\"wp-block-image size-large\"><img loading=\"lazy\" decoding=\"async\" width=\"768\" height=\"1024\" data-id=\"1423\" src=\"https:\/\/xalemextraescolars.com\/wp-content\/uploads\/2022\/03\/WhatsApp-Image-2022-03-02-at-10.39.59-768x1024.jpeg\" alt=\"\" class=\"wp-image-1423\" srcset=\"https:\/\/www.xalemextraescolars.com\/wp-content\/uploads\/2022\/03\/WhatsApp-Image-2022-03-02-at-10.39.59-768x1024.jpeg 768w, https:\/\/www.xalemextraescolars.com\/wp-content\/uploads\/2022\/03\/WhatsApp-Image-2022-03-02-at-10.39.59-225x300.jpeg 225w, https:\/\/www.xalemextraescolars.com\/wp-content\/uploads\/2022\/03\/WhatsApp-Image-2022-03-02-at-10.39.59-1152x1536.jpeg 1152w, https:\/\/www.xalemextraescolars.com\/wp-content\/uploads\/2022\/03\/WhatsApp-Image-2022-03-02-at-10.39.59.jpeg 1536w\" sizes=\"auto, (max-width: 768px) 100vw, 768px\" \/><\/figure>\n<\/figure>\n","protected":false},"excerpt":{"rendered":"<p>Tens una bona intu\u00efci\u00f3 amb els mapes? T\u2019agrada buscar fites a la natura? Doncs a orientaci\u00f3 fem tot aix\u00f2! Orienta\u2019t, busca, corre, mira la br\u00faixola, &hellip;<\/p>\n","protected":false},"author":3,"featured_media":0,"parent":0,"menu_order":0,"comment_status":"closed","ping_status":"closed","template":"","meta":{"footnotes":""},"class_list":["post-1029","page","type-page","status-publish","hentry"],"_links":{"self":[{"href":"https:\/\/www.xalemextraescolars.com\/index.php\/wp-json\/wp\/v2\/pages\/1029","targetHints":{"allow":["GET"]}}],"collection":[{"href":"https:\/\/www.xalemextraescolars.com\/index.php\/wp-json\/wp\/v2\/pages"}],"about":[{"href":"https:\/\/www.xalemextraescolars.com\/index.php\/wp-json\/wp\/v2\/types\/page"}],"author":[{"embeddable":true,"href":"https:\/\/www.xalemextraescolars.com\/index.php\/wp-json\/wp\/v2\/users\/3"}],"replies":[{"embeddable":true,"href":"https:\/\/www.xalemextraescolars.com\/index.php\/wp-json\/wp\/v2\/comments?post=1029"}],"version-history":[{"count":2,"href":"https:\/\/www.xalemextraescolars.com\/index.php\/wp-json\/wp\/v2\/pages\/1029\/revisions"}],"predecessor-version":[{"id":1424,"href":"https:\/\/www.xalemextraescolars.com\/index.php\/wp-json\/wp\/v2\/pages\/1029\/revisions\/1424"}],"wp:attachment":[{"href":"https:\/\/www.xalemextraescolars.com\/index.php\/wp-json\/wp\/v2\/media?parent=1029"}],"curies":[{"name":"wp","href":"https:\/\/api.w.org\/{rel}","templated":true}]}}