{"id":1040,"date":"2021-05-07T17:21:16","date_gmt":"2021-05-07T17:21:16","guid":{"rendered":"http:\/\/masoveriadeterradellas.com\/xalem.com\/public_html\/?page_id=1040"},"modified":"2021-05-10T21:36:43","modified_gmt":"2021-05-10T21:36:43","slug":"cuina","status":"publish","type":"page","link":"https:\/\/www.xalemextraescolars.com\/index.php\/cuina\/","title":{"rendered":"Cuina"},"content":{"rendered":"\n<p>La cuina ens acompanya al llarg de la nostra vida i \u00e9s una forma de concentraci\u00f3, calma, diversi\u00f3 i creativitat. Amb aquesta activitat volem que tot el que gaudim menjant tamb\u00e9 ho gaudim cuinant.<\/p>\n\n\n\n<figure class=\"wp-block-gallery columns-3 is-cropped wp-block-gallery-1 is-layout-flex wp-block-gallery-is-layout-flex\"><ul class=\"blocks-gallery-grid\"><li class=\"blocks-gallery-item\"><figure><img loading=\"lazy\" decoding=\"async\" width=\"1024\" height=\"576\" src=\"http:\/\/masoveriadeterradellas.com\/xalem.com\/public_html\/wp-content\/uploads\/2021\/05\/IMG-20171018-WA0037-1-1024x576.jpg\" alt=\"\" data-id=\"1289\" data-full-url=\"http:\/\/masoveriadeterradellas.com\/xalem.com\/public_html\/wp-content\/uploads\/2021\/05\/IMG-20171018-WA0037-1.jpg\" data-link=\"http:\/\/masoveriadeterradellas.com\/xalem.com\/public_html\/index.php\/cuina\/img-20171018-wa0037-1\/\" class=\"wp-image-1289\" srcset=\"https:\/\/www.xalemextraescolars.com\/wp-content\/uploads\/2021\/05\/IMG-20171018-WA0037-1-1024x576.jpg 1024w, https:\/\/www.xalemextraescolars.com\/wp-content\/uploads\/2021\/05\/IMG-20171018-WA0037-1-300x169.jpg 300w, https:\/\/www.xalemextraescolars.com\/wp-content\/uploads\/2021\/05\/IMG-20171018-WA0037-1-768x432.jpg 768w, https:\/\/www.xalemextraescolars.com\/wp-content\/uploads\/2021\/05\/IMG-20171018-WA0037-1-533x300.jpg 533w, https:\/\/www.xalemextraescolars.com\/wp-content\/uploads\/2021\/05\/IMG-20171018-WA0037-1.jpg 1328w\" sizes=\"auto, (max-width: 1024px) 100vw, 1024px\" \/><\/figure><\/li><li class=\"blocks-gallery-item\"><figure><img loading=\"lazy\" decoding=\"async\" width=\"576\" height=\"1024\" src=\"http:\/\/masoveriadeterradellas.com\/xalem.com\/public_html\/wp-content\/uploads\/2021\/05\/IMG-20171201-WA0041-576x1024.jpg\" alt=\"\" data-id=\"1287\" data-full-url=\"http:\/\/masoveriadeterradellas.com\/xalem.com\/public_html\/wp-content\/uploads\/2021\/05\/IMG-20171201-WA0041.jpg\" data-link=\"http:\/\/masoveriadeterradellas.com\/xalem.com\/public_html\/index.php\/cuina\/img-20171201-wa0041\/\" class=\"wp-image-1287\" srcset=\"https:\/\/www.xalemextraescolars.com\/wp-content\/uploads\/2021\/05\/IMG-20171201-WA0041-576x1024.jpg 576w, https:\/\/www.xalemextraescolars.com\/wp-content\/uploads\/2021\/05\/IMG-20171201-WA0041-169x300.jpg 169w, https:\/\/www.xalemextraescolars.com\/wp-content\/uploads\/2021\/05\/IMG-20171201-WA0041.jpg 747w\" sizes=\"auto, (max-width: 576px) 100vw, 576px\" \/><\/figure><\/li><li class=\"blocks-gallery-item\"><figure><img loading=\"lazy\" decoding=\"async\" width=\"1024\" height=\"576\" src=\"http:\/\/masoveriadeterradellas.com\/xalem.com\/public_html\/wp-content\/uploads\/2021\/05\/IMG-20171205-WA0051-1024x576.jpg\" alt=\"\" data-id=\"1288\" data-full-url=\"http:\/\/masoveriadeterradellas.com\/xalem.com\/public_html\/wp-content\/uploads\/2021\/05\/IMG-20171205-WA0051.jpg\" data-link=\"http:\/\/masoveriadeterradellas.com\/xalem.com\/public_html\/index.php\/cuina\/img-20171205-wa0051\/\" class=\"wp-image-1288\" srcset=\"https:\/\/www.xalemextraescolars.com\/wp-content\/uploads\/2021\/05\/IMG-20171205-WA0051-1024x576.jpg 1024w, https:\/\/www.xalemextraescolars.com\/wp-content\/uploads\/2021\/05\/IMG-20171205-WA0051-300x169.jpg 300w, https:\/\/www.xalemextraescolars.com\/wp-content\/uploads\/2021\/05\/IMG-20171205-WA0051-768x432.jpg 768w, https:\/\/www.xalemextraescolars.com\/wp-content\/uploads\/2021\/05\/IMG-20171205-WA0051-533x300.jpg 533w, https:\/\/www.xalemextraescolars.com\/wp-content\/uploads\/2021\/05\/IMG-20171205-WA0051.jpg 1328w\" sizes=\"auto, (max-width: 1024px) 100vw, 1024px\" \/><\/figure><\/li><\/ul><\/figure>\n","protected":false},"excerpt":{"rendered":"<p>La cuina ens acompanya al llarg de la nostra vida i \u00e9s una forma de concentraci\u00f3, calma, diversi\u00f3 i creativitat. Amb aquesta activitat volem que &hellip;<\/p>\n","protected":false},"author":3,"featured_media":0,"parent":0,"menu_order":0,"comment_status":"closed","ping_status":"closed","template":"","meta":{"footnotes":""},"class_list":["post-1040","page","type-page","status-publish","hentry"],"_links":{"self":[{"href":"https:\/\/www.xalemextraescolars.com\/index.php\/wp-json\/wp\/v2\/pages\/1040","targetHints":{"allow":["GET"]}}],"collection":[{"href":"https:\/\/www.xalemextraescolars.com\/index.php\/wp-json\/wp\/v2\/pages"}],"about":[{"href":"https:\/\/www.xalemextraescolars.com\/index.php\/wp-json\/wp\/v2\/types\/page"}],"author":[{"embeddable":true,"href":"https:\/\/www.xalemextraescolars.com\/index.php\/wp-json\/wp\/v2\/users\/3"}],"replies":[{"embeddable":true,"href":"https:\/\/www.xalemextraescolars.com\/index.php\/wp-json\/wp\/v2\/comments?post=1040"}],"version-history":[{"count":2,"href":"https:\/\/www.xalemextraescolars.com\/index.php\/wp-json\/wp\/v2\/pages\/1040\/revisions"}],"predecessor-version":[{"id":1290,"href":"https:\/\/www.xalemextraescolars.com\/index.php\/wp-json\/wp\/v2\/pages\/1040\/revisions\/1290"}],"wp:attachment":[{"href":"https:\/\/www.xalemextraescolars.com\/index.php\/wp-json\/wp\/v2\/media?parent=1040"}],"curies":[{"name":"wp","href":"https:\/\/api.w.org\/{rel}","templated":true}]}}