{"id":1051,"date":"2021-05-07T17:24:29","date_gmt":"2021-05-07T17:24:29","guid":{"rendered":"http:\/\/masoveriadeterradellas.com\/xalem.com\/public_html\/?page_id=1051"},"modified":"2021-05-14T07:00:30","modified_gmt":"2021-05-14T07:00:30","slug":"angles","status":"publish","type":"page","link":"https:\/\/www.xalemextraescolars.com\/index.php\/angles\/","title":{"rendered":"Angl\u00e8s"},"content":{"rendered":"\n<p>Apr\u00e8n angles de forma divertida a trav\u00e9s de jocs, can\u00e7ons i speaking de p3 a p5 i mantenint la mateixa l\u00ednia acompanyada de llibres pels m\u00e9s grans!<\/p>\n\n\n\n<figure class=\"wp-block-gallery columns-3 is-cropped wp-block-gallery-1 is-layout-flex wp-block-gallery-is-layout-flex\"><ul class=\"blocks-gallery-grid\"><li class=\"blocks-gallery-item\"><figure><img loading=\"lazy\" decoding=\"async\" width=\"1024\" height=\"768\" src=\"http:\/\/xalemextraescolars.com\/wp-content\/uploads\/2021\/05\/WhatsApp-Image-2021-05-14-at-08.54.23-1024x768.jpeg\" alt=\"\" data-id=\"1355\" data-link=\"http:\/\/xalemextraescolars.com\/index.php\/angles\/whatsapp-image-2021-05-14-at-08-54-23\/\" class=\"wp-image-1355\" srcset=\"https:\/\/www.xalemextraescolars.com\/wp-content\/uploads\/2021\/05\/WhatsApp-Image-2021-05-14-at-08.54.23-1024x768.jpeg 1024w, https:\/\/www.xalemextraescolars.com\/wp-content\/uploads\/2021\/05\/WhatsApp-Image-2021-05-14-at-08.54.23-300x225.jpeg 300w, https:\/\/www.xalemextraescolars.com\/wp-content\/uploads\/2021\/05\/WhatsApp-Image-2021-05-14-at-08.54.23-768x576.jpeg 768w, https:\/\/www.xalemextraescolars.com\/wp-content\/uploads\/2021\/05\/WhatsApp-Image-2021-05-14-at-08.54.23-1536x1152.jpeg 1536w, https:\/\/www.xalemextraescolars.com\/wp-content\/uploads\/2021\/05\/WhatsApp-Image-2021-05-14-at-08.54.23-400x300.jpeg 400w, https:\/\/www.xalemextraescolars.com\/wp-content\/uploads\/2021\/05\/WhatsApp-Image-2021-05-14-at-08.54.23.jpeg 1600w\" sizes=\"auto, (max-width: 1024px) 100vw, 1024px\" \/><\/figure><\/li><li class=\"blocks-gallery-item\"><figure><img loading=\"lazy\" decoding=\"async\" width=\"1024\" height=\"768\" src=\"http:\/\/xalemextraescolars.com\/wp-content\/uploads\/2021\/05\/WhatsApp-Image-2021-05-14-at-08.54.23-4-1024x768.jpeg\" alt=\"\" data-id=\"1356\" data-link=\"http:\/\/xalemextraescolars.com\/index.php\/angles\/whatsapp-image-2021-05-14-at-08-54-23-4\/\" class=\"wp-image-1356\" srcset=\"https:\/\/www.xalemextraescolars.com\/wp-content\/uploads\/2021\/05\/WhatsApp-Image-2021-05-14-at-08.54.23-4-1024x768.jpeg 1024w, https:\/\/www.xalemextraescolars.com\/wp-content\/uploads\/2021\/05\/WhatsApp-Image-2021-05-14-at-08.54.23-4-300x225.jpeg 300w, https:\/\/www.xalemextraescolars.com\/wp-content\/uploads\/2021\/05\/WhatsApp-Image-2021-05-14-at-08.54.23-4-768x576.jpeg 768w, https:\/\/www.xalemextraescolars.com\/wp-content\/uploads\/2021\/05\/WhatsApp-Image-2021-05-14-at-08.54.23-4-1536x1152.jpeg 1536w, https:\/\/www.xalemextraescolars.com\/wp-content\/uploads\/2021\/05\/WhatsApp-Image-2021-05-14-at-08.54.23-4-400x300.jpeg 400w, https:\/\/www.xalemextraescolars.com\/wp-content\/uploads\/2021\/05\/WhatsApp-Image-2021-05-14-at-08.54.23-4.jpeg 2048w\" sizes=\"auto, (max-width: 1024px) 100vw, 1024px\" \/><\/figure><\/li><li class=\"blocks-gallery-item\"><figure><img loading=\"lazy\" decoding=\"async\" width=\"768\" height=\"1024\" src=\"http:\/\/xalemextraescolars.com\/wp-content\/uploads\/2021\/05\/WhatsApp-Image-2021-05-14-at-08.54.23-2-768x1024.jpeg\" alt=\"\" data-id=\"1357\" data-full-url=\"http:\/\/xalemextraescolars.com\/wp-content\/uploads\/2021\/05\/WhatsApp-Image-2021-05-14-at-08.54.23-2.jpeg\" data-link=\"http:\/\/xalemextraescolars.com\/index.php\/angles\/whatsapp-image-2021-05-14-at-08-54-23-2\/\" class=\"wp-image-1357\" srcset=\"https:\/\/www.xalemextraescolars.com\/wp-content\/uploads\/2021\/05\/WhatsApp-Image-2021-05-14-at-08.54.23-2-768x1024.jpeg 768w, https:\/\/www.xalemextraescolars.com\/wp-content\/uploads\/2021\/05\/WhatsApp-Image-2021-05-14-at-08.54.23-2-225x300.jpeg 225w, https:\/\/www.xalemextraescolars.com\/wp-content\/uploads\/2021\/05\/WhatsApp-Image-2021-05-14-at-08.54.23-2-1152x1536.jpeg 1152w, https:\/\/www.xalemextraescolars.com\/wp-content\/uploads\/2021\/05\/WhatsApp-Image-2021-05-14-at-08.54.23-2.jpeg 1200w\" sizes=\"auto, (max-width: 768px) 100vw, 768px\" \/><\/figure><\/li><\/ul><\/figure>\n","protected":false},"excerpt":{"rendered":"<p>Apr\u00e8n angles de forma divertida a trav\u00e9s de jocs, can\u00e7ons i speaking de p3 a p5 i mantenint la mateixa l\u00ednia acompanyada de llibres pels &hellip;<\/p>\n","protected":false},"author":3,"featured_media":0,"parent":0,"menu_order":0,"comment_status":"closed","ping_status":"closed","template":"","meta":{"footnotes":""},"class_list":["post-1051","page","type-page","status-publish","hentry"],"_links":{"self":[{"href":"https:\/\/www.xalemextraescolars.com\/index.php\/wp-json\/wp\/v2\/pages\/1051","targetHints":{"allow":["GET"]}}],"collection":[{"href":"https:\/\/www.xalemextraescolars.com\/index.php\/wp-json\/wp\/v2\/pages"}],"about":[{"href":"https:\/\/www.xalemextraescolars.com\/index.php\/wp-json\/wp\/v2\/types\/page"}],"author":[{"embeddable":true,"href":"https:\/\/www.xalemextraescolars.com\/index.php\/wp-json\/wp\/v2\/users\/3"}],"replies":[{"embeddable":true,"href":"https:\/\/www.xalemextraescolars.com\/index.php\/wp-json\/wp\/v2\/comments?post=1051"}],"version-history":[{"count":2,"href":"https:\/\/www.xalemextraescolars.com\/index.php\/wp-json\/wp\/v2\/pages\/1051\/revisions"}],"predecessor-version":[{"id":1358,"href":"https:\/\/www.xalemextraescolars.com\/index.php\/wp-json\/wp\/v2\/pages\/1051\/revisions\/1358"}],"wp:attachment":[{"href":"https:\/\/www.xalemextraescolars.com\/index.php\/wp-json\/wp\/v2\/media?parent=1051"}],"curies":[{"name":"wp","href":"https:\/\/api.w.org\/{rel}","templated":true}]}}