{"id":1080,"date":"2021-05-07T17:31:26","date_gmt":"2021-05-07T17:31:26","guid":{"rendered":"http:\/\/masoveriadeterradellas.com\/xalem.com\/public_html\/?page_id=1080"},"modified":"2022-03-02T09:49:08","modified_gmt":"2022-03-02T09:49:08","slug":"ruta","status":"publish","type":"page","link":"https:\/\/www.xalemextraescolars.com\/index.php\/ruta\/","title":{"rendered":"Ruta"},"content":{"rendered":"\n<p>La ruta d\u2019estiu per infants de 1r de Prim\u00e0ria a 2n d\u2019ESO \u00e9s un dels espais on podem gaudir de l\u2019esport i la natura amb els nostres companys i companyes. S\u00f3n 4 dies d\u2019aventures, d\u2019autonomia i de viure amb els m\u00ednims que ens ensenyen a conviure entre nosaltres i tamb\u00e9 amb el nostre entorn. \u00c9s per aix\u00f2 que creiem que t\u00e9 un paper molt rellevant en l\u2019educaci\u00f3 dels nens i nenes.<\/p>\n\n\n\n<figure class=\"wp-block-gallery has-nested-images columns-default is-cropped wp-block-gallery-1 is-layout-flex wp-block-gallery-is-layout-flex\">\n<figure class=\"wp-block-image size-large\"><img loading=\"lazy\" decoding=\"async\" width=\"1024\" height=\"768\" data-id=\"1432\" src=\"https:\/\/xalemextraescolars.com\/wp-content\/uploads\/2022\/03\/WhatsApp-Image-2022-03-02-at-10.48.04-1024x768.jpeg\" alt=\"\" class=\"wp-image-1432\" srcset=\"https:\/\/www.xalemextraescolars.com\/wp-content\/uploads\/2022\/03\/WhatsApp-Image-2022-03-02-at-10.48.04-1024x768.jpeg 1024w, https:\/\/www.xalemextraescolars.com\/wp-content\/uploads\/2022\/03\/WhatsApp-Image-2022-03-02-at-10.48.04-300x225.jpeg 300w, https:\/\/www.xalemextraescolars.com\/wp-content\/uploads\/2022\/03\/WhatsApp-Image-2022-03-02-at-10.48.04-768x576.jpeg 768w, https:\/\/www.xalemextraescolars.com\/wp-content\/uploads\/2022\/03\/WhatsApp-Image-2022-03-02-at-10.48.04-1536x1152.jpeg 1536w, https:\/\/www.xalemextraescolars.com\/wp-content\/uploads\/2022\/03\/WhatsApp-Image-2022-03-02-at-10.48.04-400x300.jpeg 400w, https:\/\/www.xalemextraescolars.com\/wp-content\/uploads\/2022\/03\/WhatsApp-Image-2022-03-02-at-10.48.04.jpeg 1600w\" sizes=\"auto, (max-width: 1024px) 100vw, 1024px\" \/><\/figure>\n\n\n\n<figure class=\"wp-block-image size-large\"><img loading=\"lazy\" decoding=\"async\" width=\"1024\" height=\"1024\" data-id=\"1433\" src=\"https:\/\/xalemextraescolars.com\/wp-content\/uploads\/2022\/03\/WhatsApp-Image-2022-03-02-at-10.48.05-1024x1024.jpeg\" alt=\"\" class=\"wp-image-1433\" srcset=\"https:\/\/www.xalemextraescolars.com\/wp-content\/uploads\/2022\/03\/WhatsApp-Image-2022-03-02-at-10.48.05-1024x1024.jpeg 1024w, https:\/\/www.xalemextraescolars.com\/wp-content\/uploads\/2022\/03\/WhatsApp-Image-2022-03-02-at-10.48.05-300x300.jpeg 300w, https:\/\/www.xalemextraescolars.com\/wp-content\/uploads\/2022\/03\/WhatsApp-Image-2022-03-02-at-10.48.05-150x150.jpeg 150w, https:\/\/www.xalemextraescolars.com\/wp-content\/uploads\/2022\/03\/WhatsApp-Image-2022-03-02-at-10.48.05-768x768.jpeg 768w, https:\/\/www.xalemextraescolars.com\/wp-content\/uploads\/2022\/03\/WhatsApp-Image-2022-03-02-at-10.48.05-1536x1536.jpeg 1536w, https:\/\/www.xalemextraescolars.com\/wp-content\/uploads\/2022\/03\/WhatsApp-Image-2022-03-02-at-10.48.05.jpeg 1600w\" sizes=\"auto, (max-width: 1024px) 100vw, 1024px\" \/><\/figure>\n\n\n\n<figure class=\"wp-block-image size-large\"><img loading=\"lazy\" decoding=\"async\" width=\"1024\" height=\"768\" data-id=\"1434\" src=\"https:\/\/xalemextraescolars.com\/wp-content\/uploads\/2022\/03\/WhatsApp-Image-2022-03-02-at-10.48.05-1-1024x768.jpeg\" alt=\"\" class=\"wp-image-1434\" srcset=\"https:\/\/www.xalemextraescolars.com\/wp-content\/uploads\/2022\/03\/WhatsApp-Image-2022-03-02-at-10.48.05-1-1024x768.jpeg 1024w, https:\/\/www.xalemextraescolars.com\/wp-content\/uploads\/2022\/03\/WhatsApp-Image-2022-03-02-at-10.48.05-1-300x225.jpeg 300w, https:\/\/www.xalemextraescolars.com\/wp-content\/uploads\/2022\/03\/WhatsApp-Image-2022-03-02-at-10.48.05-1-768x576.jpeg 768w, https:\/\/www.xalemextraescolars.com\/wp-content\/uploads\/2022\/03\/WhatsApp-Image-2022-03-02-at-10.48.05-1-1536x1152.jpeg 1536w, https:\/\/www.xalemextraescolars.com\/wp-content\/uploads\/2022\/03\/WhatsApp-Image-2022-03-02-at-10.48.05-1-400x300.jpeg 400w, https:\/\/www.xalemextraescolars.com\/wp-content\/uploads\/2022\/03\/WhatsApp-Image-2022-03-02-at-10.48.05-1.jpeg 1600w\" sizes=\"auto, (max-width: 1024px) 100vw, 1024px\" \/><\/figure>\n<\/figure>\n","protected":false},"excerpt":{"rendered":"<p>La ruta d\u2019estiu per infants de 1r de Prim\u00e0ria a 2n d\u2019ESO \u00e9s un dels espais on podem gaudir de l\u2019esport i la natura amb &hellip;<\/p>\n","protected":false},"author":3,"featured_media":0,"parent":0,"menu_order":0,"comment_status":"closed","ping_status":"closed","template":"","meta":{"footnotes":""},"class_list":["post-1080","page","type-page","status-publish","hentry"],"_links":{"self":[{"href":"https:\/\/www.xalemextraescolars.com\/index.php\/wp-json\/wp\/v2\/pages\/1080","targetHints":{"allow":["GET"]}}],"collection":[{"href":"https:\/\/www.xalemextraescolars.com\/index.php\/wp-json\/wp\/v2\/pages"}],"about":[{"href":"https:\/\/www.xalemextraescolars.com\/index.php\/wp-json\/wp\/v2\/types\/page"}],"author":[{"embeddable":true,"href":"https:\/\/www.xalemextraescolars.com\/index.php\/wp-json\/wp\/v2\/users\/3"}],"replies":[{"embeddable":true,"href":"https:\/\/www.xalemextraescolars.com\/index.php\/wp-json\/wp\/v2\/comments?post=1080"}],"version-history":[{"count":5,"href":"https:\/\/www.xalemextraescolars.com\/index.php\/wp-json\/wp\/v2\/pages\/1080\/revisions"}],"predecessor-version":[{"id":1435,"href":"https:\/\/www.xalemextraescolars.com\/index.php\/wp-json\/wp\/v2\/pages\/1080\/revisions\/1435"}],"wp:attachment":[{"href":"https:\/\/www.xalemextraescolars.com\/index.php\/wp-json\/wp\/v2\/media?parent=1080"}],"curies":[{"name":"wp","href":"https:\/\/api.w.org\/{rel}","templated":true}]}}