{"id":1087,"date":"2021-05-07T17:35:06","date_gmt":"2021-05-07T17:35:06","guid":{"rendered":"http:\/\/masoveriadeterradellas.com\/xalem.com\/public_html\/?page_id=1087"},"modified":"2022-03-02T09:50:46","modified_gmt":"2022-03-02T09:50:46","slug":"cursets-de-natacio","status":"publish","type":"page","link":"https:\/\/www.xalemextraescolars.com\/index.php\/cursets-de-natacio\/","title":{"rendered":"Cursets de nataci\u00f3"},"content":{"rendered":"\n<p>Quan arriba l\u2019estiu ens encanta refrescar-nos i tots\/es ens trobem a les piscines.<\/p>\n\n\n\n<p>Amb els m\u00e9s menudets\/es, ens familiaritzem amb l\u2019aigua i n\u2019aprenem les habilitats b\u00e0siques perqu\u00e8 poc a poc, es puguin despla\u00e7ar amb material o sense de forma aut\u00f2noma.&nbsp;<\/p>\n\n\n\n<p>Amb els m\u00e9s grandets, perfeccionem els diferents estils de nataci\u00f3, millorem la postura i aix\u00ed tamb\u00e9 beneficiem la salut de tots ells\/es!<\/p>\n\n\n\n<figure class=\"wp-block-gallery has-nested-images columns-default is-cropped wp-block-gallery-1 is-layout-flex wp-block-gallery-is-layout-flex\">\n<figure class=\"wp-block-image size-large\"><img loading=\"lazy\" decoding=\"async\" width=\"1024\" height=\"768\" data-id=\"1438\" src=\"https:\/\/xalemextraescolars.com\/wp-content\/uploads\/2022\/03\/WhatsApp-Image-2022-03-02-at-10.49.39-1-1024x768.jpeg\" alt=\"\" class=\"wp-image-1438\" srcset=\"https:\/\/www.xalemextraescolars.com\/wp-content\/uploads\/2022\/03\/WhatsApp-Image-2022-03-02-at-10.49.39-1-1024x768.jpeg 1024w, https:\/\/www.xalemextraescolars.com\/wp-content\/uploads\/2022\/03\/WhatsApp-Image-2022-03-02-at-10.49.39-1-300x225.jpeg 300w, https:\/\/www.xalemextraescolars.com\/wp-content\/uploads\/2022\/03\/WhatsApp-Image-2022-03-02-at-10.49.39-1-768x576.jpeg 768w, https:\/\/www.xalemextraescolars.com\/wp-content\/uploads\/2022\/03\/WhatsApp-Image-2022-03-02-at-10.49.39-1-1536x1152.jpeg 1536w, https:\/\/www.xalemextraescolars.com\/wp-content\/uploads\/2022\/03\/WhatsApp-Image-2022-03-02-at-10.49.39-1-400x300.jpeg 400w, https:\/\/www.xalemextraescolars.com\/wp-content\/uploads\/2022\/03\/WhatsApp-Image-2022-03-02-at-10.49.39-1.jpeg 1600w\" sizes=\"auto, (max-width: 1024px) 100vw, 1024px\" \/><\/figure>\n\n\n\n<figure class=\"wp-block-image size-large\"><img loading=\"lazy\" decoding=\"async\" width=\"768\" height=\"1024\" data-id=\"1437\" src=\"https:\/\/xalemextraescolars.com\/wp-content\/uploads\/2022\/03\/WhatsApp-Image-2022-03-02-at-10.49.39-2-1-768x1024.jpeg\" alt=\"\" class=\"wp-image-1437\" srcset=\"https:\/\/www.xalemextraescolars.com\/wp-content\/uploads\/2022\/03\/WhatsApp-Image-2022-03-02-at-10.49.39-2-1-768x1024.jpeg 768w, https:\/\/www.xalemextraescolars.com\/wp-content\/uploads\/2022\/03\/WhatsApp-Image-2022-03-02-at-10.49.39-2-1-225x300.jpeg 225w, https:\/\/www.xalemextraescolars.com\/wp-content\/uploads\/2022\/03\/WhatsApp-Image-2022-03-02-at-10.49.39-2-1-1152x1536.jpeg 1152w, https:\/\/www.xalemextraescolars.com\/wp-content\/uploads\/2022\/03\/WhatsApp-Image-2022-03-02-at-10.49.39-2-1.jpeg 1200w\" sizes=\"auto, (max-width: 768px) 100vw, 768px\" \/><\/figure>\n<\/figure>\n","protected":false},"excerpt":{"rendered":"<p>Quan arriba l\u2019estiu ens encanta refrescar-nos i tots\/es ens trobem a les piscines. Amb els m\u00e9s menudets\/es, ens familiaritzem amb l\u2019aigua i n\u2019aprenem les habilitats &hellip;<\/p>\n","protected":false},"author":3,"featured_media":0,"parent":0,"menu_order":0,"comment_status":"closed","ping_status":"closed","template":"","meta":{"footnotes":""},"class_list":["post-1087","page","type-page","status-publish","hentry"],"_links":{"self":[{"href":"https:\/\/www.xalemextraescolars.com\/index.php\/wp-json\/wp\/v2\/pages\/1087","targetHints":{"allow":["GET"]}}],"collection":[{"href":"https:\/\/www.xalemextraescolars.com\/index.php\/wp-json\/wp\/v2\/pages"}],"about":[{"href":"https:\/\/www.xalemextraescolars.com\/index.php\/wp-json\/wp\/v2\/types\/page"}],"author":[{"embeddable":true,"href":"https:\/\/www.xalemextraescolars.com\/index.php\/wp-json\/wp\/v2\/users\/3"}],"replies":[{"embeddable":true,"href":"https:\/\/www.xalemextraescolars.com\/index.php\/wp-json\/wp\/v2\/comments?post=1087"}],"version-history":[{"count":6,"href":"https:\/\/www.xalemextraescolars.com\/index.php\/wp-json\/wp\/v2\/pages\/1087\/revisions"}],"predecessor-version":[{"id":1440,"href":"https:\/\/www.xalemextraescolars.com\/index.php\/wp-json\/wp\/v2\/pages\/1087\/revisions\/1440"}],"wp:attachment":[{"href":"https:\/\/www.xalemextraescolars.com\/index.php\/wp-json\/wp\/v2\/media?parent=1087"}],"curies":[{"name":"wp","href":"https:\/\/api.w.org\/{rel}","templated":true}]}}