{"id":1097,"date":"2021-05-07T17:44:04","date_gmt":"2021-05-07T17:44:04","guid":{"rendered":"http:\/\/masoveriadeterradellas.com\/xalem.com\/public_html\/?page_id=1097"},"modified":"2021-05-14T07:03:11","modified_gmt":"2021-05-14T07:03:11","slug":"espai-jove","status":"publish","type":"page","link":"https:\/\/www.xalemextraescolars.com\/index.php\/espai-jove\/","title":{"rendered":"Espai jove"},"content":{"rendered":"\n<p>Entenem els espais joves com a espais de lleure educatiu pels adolescents; hi som per escoltar-los,detectar les seves necessitats, dinamitzar tallers, xerrades, activitats, etc. Tamb\u00e9 per fer un acompanyament individualitzat a les fam\u00edlies que ho requereixin o resoldre aspectes m\u00e9s t\u00e8cnics de l\u2019\u00e0mbit de la joventut.<\/p>\n\n\n\n<figure class=\"wp-block-gallery columns-2 is-cropped wp-block-gallery-1 is-layout-flex wp-block-gallery-is-layout-flex\"><ul class=\"blocks-gallery-grid\"><li class=\"blocks-gallery-item\"><figure><img loading=\"lazy\" decoding=\"async\" width=\"1024\" height=\"1024\" src=\"http:\/\/xalemextraescolars.com\/wp-content\/uploads\/2021\/05\/WhatsApp-Image-2021-05-14-at-08.55.21-2-1024x1024.jpeg\" alt=\"\" data-id=\"1365\" data-full-url=\"http:\/\/xalemextraescolars.com\/wp-content\/uploads\/2021\/05\/WhatsApp-Image-2021-05-14-at-08.55.21-2.jpeg\" data-link=\"http:\/\/xalemextraescolars.com\/index.php\/espai-jove\/whatsapp-image-2021-05-14-at-08-55-21-2\/\" class=\"wp-image-1365\" srcset=\"https:\/\/www.xalemextraescolars.com\/wp-content\/uploads\/2021\/05\/WhatsApp-Image-2021-05-14-at-08.55.21-2-1024x1024.jpeg 1024w, https:\/\/www.xalemextraescolars.com\/wp-content\/uploads\/2021\/05\/WhatsApp-Image-2021-05-14-at-08.55.21-2-300x300.jpeg 300w, https:\/\/www.xalemextraescolars.com\/wp-content\/uploads\/2021\/05\/WhatsApp-Image-2021-05-14-at-08.55.21-2-150x150.jpeg 150w, https:\/\/www.xalemextraescolars.com\/wp-content\/uploads\/2021\/05\/WhatsApp-Image-2021-05-14-at-08.55.21-2-768x768.jpeg 768w, https:\/\/www.xalemextraescolars.com\/wp-content\/uploads\/2021\/05\/WhatsApp-Image-2021-05-14-at-08.55.21-2.jpeg 1080w\" sizes=\"auto, (max-width: 1024px) 100vw, 1024px\" \/><\/figure><\/li><li class=\"blocks-gallery-item\"><figure><img loading=\"lazy\" decoding=\"async\" width=\"1024\" height=\"1024\" src=\"http:\/\/xalemextraescolars.com\/wp-content\/uploads\/2021\/05\/WhatsApp-Image-2021-05-14-at-08.55.21-1024x1024.jpeg\" alt=\"\" data-id=\"1366\" data-full-url=\"http:\/\/xalemextraescolars.com\/wp-content\/uploads\/2021\/05\/WhatsApp-Image-2021-05-14-at-08.55.21.jpeg\" data-link=\"http:\/\/xalemextraescolars.com\/index.php\/espai-jove\/whatsapp-image-2021-05-14-at-08-55-21\/\" class=\"wp-image-1366\" srcset=\"https:\/\/www.xalemextraescolars.com\/wp-content\/uploads\/2021\/05\/WhatsApp-Image-2021-05-14-at-08.55.21-1024x1024.jpeg 1024w, https:\/\/www.xalemextraescolars.com\/wp-content\/uploads\/2021\/05\/WhatsApp-Image-2021-05-14-at-08.55.21-300x300.jpeg 300w, https:\/\/www.xalemextraescolars.com\/wp-content\/uploads\/2021\/05\/WhatsApp-Image-2021-05-14-at-08.55.21-150x150.jpeg 150w, https:\/\/www.xalemextraescolars.com\/wp-content\/uploads\/2021\/05\/WhatsApp-Image-2021-05-14-at-08.55.21-768x768.jpeg 768w, https:\/\/www.xalemextraescolars.com\/wp-content\/uploads\/2021\/05\/WhatsApp-Image-2021-05-14-at-08.55.21.jpeg 1080w\" sizes=\"auto, (max-width: 1024px) 100vw, 1024px\" \/><\/figure><\/li><\/ul><\/figure>\n","protected":false},"excerpt":{"rendered":"<p>Entenem els espais joves com a espais de lleure educatiu pels adolescents; hi som per escoltar-los,detectar les seves necessitats, dinamitzar tallers, xerrades, activitats, etc. Tamb\u00e9 &hellip;<\/p>\n","protected":false},"author":3,"featured_media":0,"parent":0,"menu_order":0,"comment_status":"closed","ping_status":"closed","template":"","meta":{"footnotes":""},"class_list":["post-1097","page","type-page","status-publish","hentry"],"_links":{"self":[{"href":"https:\/\/www.xalemextraescolars.com\/index.php\/wp-json\/wp\/v2\/pages\/1097","targetHints":{"allow":["GET"]}}],"collection":[{"href":"https:\/\/www.xalemextraescolars.com\/index.php\/wp-json\/wp\/v2\/pages"}],"about":[{"href":"https:\/\/www.xalemextraescolars.com\/index.php\/wp-json\/wp\/v2\/types\/page"}],"author":[{"embeddable":true,"href":"https:\/\/www.xalemextraescolars.com\/index.php\/wp-json\/wp\/v2\/users\/3"}],"replies":[{"embeddable":true,"href":"https:\/\/www.xalemextraescolars.com\/index.php\/wp-json\/wp\/v2\/comments?post=1097"}],"version-history":[{"count":2,"href":"https:\/\/www.xalemextraescolars.com\/index.php\/wp-json\/wp\/v2\/pages\/1097\/revisions"}],"predecessor-version":[{"id":1367,"href":"https:\/\/www.xalemextraescolars.com\/index.php\/wp-json\/wp\/v2\/pages\/1097\/revisions\/1367"}],"wp:attachment":[{"href":"https:\/\/www.xalemextraescolars.com\/index.php\/wp-json\/wp\/v2\/media?parent=1097"}],"curies":[{"name":"wp","href":"https:\/\/api.w.org\/{rel}","templated":true}]}}