{"id":1113,"date":"2021-05-07T18:09:40","date_gmt":"2021-05-07T18:09:40","guid":{"rendered":"http:\/\/masoveriadeterradellas.com\/xalem.com\/public_html\/?page_id=1113"},"modified":"2022-03-02T10:10:35","modified_gmt":"2022-03-02T10:10:35","slug":"activitat-fisica-per-a-la-tercera-edat","status":"publish","type":"page","link":"https:\/\/www.xalemextraescolars.com\/index.php\/activitat-fisica-per-a-la-tercera-edat\/","title":{"rendered":"Activitat f\u00edsica per a la tercera edat"},"content":{"rendered":"\n<p>Sempre \u00e9s important cuidar-se i sentir-se b\u00e9 amb un mateix, indiferentment de l\u2019edat que tinguem. Venint a les nostres classes, de ben segur que et divertir\u00e0s, riur\u00e0s, carregar\u00e0s les piles i tindr\u00e0s m\u00e9s energia; mourem totes les parts del cos, escoltarem m\u00fasica i&nbsp; ens relacionarem amb els altres.<\/p>\n\n\n\n<figure class=\"wp-block-gallery has-nested-images columns-default is-cropped wp-block-gallery-1 is-layout-flex wp-block-gallery-is-layout-flex\">\n<figure class=\"wp-block-image size-large\"><img loading=\"lazy\" decoding=\"async\" width=\"1024\" height=\"768\" data-id=\"1244\" src=\"http:\/\/masoveriadeterradellas.com\/xalem.com\/public_html\/wp-content\/uploads\/2021\/05\/WhatsApp-Image-2021-05-10-at-11.46.59-1024x768.jpeg\" alt=\"\" class=\"wp-image-1244\" srcset=\"https:\/\/www.xalemextraescolars.com\/wp-content\/uploads\/2021\/05\/WhatsApp-Image-2021-05-10-at-11.46.59-1024x768.jpeg 1024w, https:\/\/www.xalemextraescolars.com\/wp-content\/uploads\/2021\/05\/WhatsApp-Image-2021-05-10-at-11.46.59-300x225.jpeg 300w, https:\/\/www.xalemextraescolars.com\/wp-content\/uploads\/2021\/05\/WhatsApp-Image-2021-05-10-at-11.46.59-768x576.jpeg 768w, https:\/\/www.xalemextraescolars.com\/wp-content\/uploads\/2021\/05\/WhatsApp-Image-2021-05-10-at-11.46.59-1536x1152.jpeg 1536w, https:\/\/www.xalemextraescolars.com\/wp-content\/uploads\/2021\/05\/WhatsApp-Image-2021-05-10-at-11.46.59-400x300.jpeg 400w, https:\/\/www.xalemextraescolars.com\/wp-content\/uploads\/2021\/05\/WhatsApp-Image-2021-05-10-at-11.46.59.jpeg 1600w\" sizes=\"auto, (max-width: 1024px) 100vw, 1024px\" \/><\/figure>\n<\/figure>\n\n\n\n<figure class=\"wp-block-gallery has-nested-images columns-default is-cropped wp-block-gallery-2 is-layout-flex wp-block-gallery-is-layout-flex\">\n<figure class=\"wp-block-image size-large\"><img loading=\"lazy\" decoding=\"async\" width=\"934\" height=\"1024\" data-id=\"1273\" src=\"http:\/\/masoveriadeterradellas.com\/xalem.com\/public_html\/wp-content\/uploads\/2021\/05\/IMG_20200914_223223_792-934x1024.jpg\" alt=\"\" class=\"wp-image-1273\" srcset=\"https:\/\/www.xalemextraescolars.com\/wp-content\/uploads\/2021\/05\/IMG_20200914_223223_792-934x1024.jpg 934w, https:\/\/www.xalemextraescolars.com\/wp-content\/uploads\/2021\/05\/IMG_20200914_223223_792-274x300.jpg 274w, https:\/\/www.xalemextraescolars.com\/wp-content\/uploads\/2021\/05\/IMG_20200914_223223_792-768x842.jpg 768w, https:\/\/www.xalemextraescolars.com\/wp-content\/uploads\/2021\/05\/IMG_20200914_223223_792-1401x1536.jpg 1401w, https:\/\/www.xalemextraescolars.com\/wp-content\/uploads\/2021\/05\/IMG_20200914_223223_792-1868x2048.jpg 1868w\" sizes=\"auto, (max-width: 934px) 100vw, 934px\" \/><\/figure>\n<\/figure>\n\n\n\n<figure class=\"wp-block-image size-large\"><img loading=\"lazy\" decoding=\"async\" width=\"768\" height=\"1024\" src=\"https:\/\/xalemextraescolars.com\/wp-content\/uploads\/2022\/03\/WhatsApp-Image-2022-03-02-at-11.10.25-768x1024.jpeg\" alt=\"\" class=\"wp-image-1471\" srcset=\"https:\/\/www.xalemextraescolars.com\/wp-content\/uploads\/2022\/03\/WhatsApp-Image-2022-03-02-at-11.10.25-768x1024.jpeg 768w, https:\/\/www.xalemextraescolars.com\/wp-content\/uploads\/2022\/03\/WhatsApp-Image-2022-03-02-at-11.10.25-225x300.jpeg 225w, https:\/\/www.xalemextraescolars.com\/wp-content\/uploads\/2022\/03\/WhatsApp-Image-2022-03-02-at-11.10.25-1152x1536.jpeg 1152w, https:\/\/www.xalemextraescolars.com\/wp-content\/uploads\/2022\/03\/WhatsApp-Image-2022-03-02-at-11.10.25.jpeg 1200w\" sizes=\"auto, (max-width: 768px) 100vw, 768px\" \/><\/figure>\n","protected":false},"excerpt":{"rendered":"<p>Sempre \u00e9s important cuidar-se i sentir-se b\u00e9 amb un mateix, indiferentment de l\u2019edat que tinguem. Venint a les nostres classes, de ben segur que et &hellip;<\/p>\n","protected":false},"author":3,"featured_media":0,"parent":0,"menu_order":0,"comment_status":"closed","ping_status":"closed","template":"","meta":{"footnotes":""},"class_list":["post-1113","page","type-page","status-publish","hentry"],"_links":{"self":[{"href":"https:\/\/www.xalemextraescolars.com\/index.php\/wp-json\/wp\/v2\/pages\/1113","targetHints":{"allow":["GET"]}}],"collection":[{"href":"https:\/\/www.xalemextraescolars.com\/index.php\/wp-json\/wp\/v2\/pages"}],"about":[{"href":"https:\/\/www.xalemextraescolars.com\/index.php\/wp-json\/wp\/v2\/types\/page"}],"author":[{"embeddable":true,"href":"https:\/\/www.xalemextraescolars.com\/index.php\/wp-json\/wp\/v2\/users\/3"}],"replies":[{"embeddable":true,"href":"https:\/\/www.xalemextraescolars.com\/index.php\/wp-json\/wp\/v2\/comments?post=1113"}],"version-history":[{"count":4,"href":"https:\/\/www.xalemextraescolars.com\/index.php\/wp-json\/wp\/v2\/pages\/1113\/revisions"}],"predecessor-version":[{"id":1472,"href":"https:\/\/www.xalemextraescolars.com\/index.php\/wp-json\/wp\/v2\/pages\/1113\/revisions\/1472"}],"wp:attachment":[{"href":"https:\/\/www.xalemextraescolars.com\/index.php\/wp-json\/wp\/v2\/media?parent=1113"}],"curies":[{"name":"wp","href":"https:\/\/api.w.org\/{rel}","templated":true}]}}