{"id":1455,"date":"2022-03-02T10:00:36","date_gmt":"2022-03-02T10:00:36","guid":{"rendered":"https:\/\/xalemextraescolars.com\/?page_id=1455"},"modified":"2022-03-02T10:04:50","modified_gmt":"2022-03-02T10:04:50","slug":"ioga-ashtanga-progressiu","status":"publish","type":"page","link":"https:\/\/www.xalemextraescolars.com\/index.php\/ioga-ashtanga-progressiu\/","title":{"rendered":"Ioga Ashtanga progressiu"},"content":{"rendered":"\n<p>Les classes de ioga Asthanga s\u00f3n progressives i, per tant, tothom hi pot trobar el seu espai perqu\u00e8 s&#8217;adapten al ritme de cadasc\u00fa. La for\u00e7a, la concentraci\u00f3 i l&#8217;atenci\u00f3 s\u00f3n claus per gaudir d&#8217;aquest tipus d&#8217;activitat.<\/p>\n\n\n\n<p>Les classes comencen sempre amb la salutaci\u00f3 al sol i, seguidament, es realitzen diverses s\u00e8ries per acabar amb les posicions finals.<\/p>\n\n\n\n<p>DIMARTS de 20 a 21h<\/p>\n\n\n\n<p>Presencialment a Casserres<\/p>\n\n\n\n<p>Realitzades per Maria Ortega.<\/p>\n\n\n\n<figure class=\"wp-block-gallery has-nested-images columns-default is-cropped wp-block-gallery-1 is-layout-flex wp-block-gallery-is-layout-flex\">\n<figure class=\"wp-block-image size-large\"><img loading=\"lazy\" decoding=\"async\" width=\"1024\" height=\"768\" data-id=\"1458\" src=\"https:\/\/xalemextraescolars.com\/wp-content\/uploads\/2022\/03\/WhatsApp-Image-2022-03-02-at-11.00.24-1024x768.jpeg\" alt=\"\" class=\"wp-image-1458\" srcset=\"https:\/\/www.xalemextraescolars.com\/wp-content\/uploads\/2022\/03\/WhatsApp-Image-2022-03-02-at-11.00.24-1024x768.jpeg 1024w, https:\/\/www.xalemextraescolars.com\/wp-content\/uploads\/2022\/03\/WhatsApp-Image-2022-03-02-at-11.00.24-300x225.jpeg 300w, https:\/\/www.xalemextraescolars.com\/wp-content\/uploads\/2022\/03\/WhatsApp-Image-2022-03-02-at-11.00.24-768x576.jpeg 768w, https:\/\/www.xalemextraescolars.com\/wp-content\/uploads\/2022\/03\/WhatsApp-Image-2022-03-02-at-11.00.24-1536x1152.jpeg 1536w, https:\/\/www.xalemextraescolars.com\/wp-content\/uploads\/2022\/03\/WhatsApp-Image-2022-03-02-at-11.00.24-400x300.jpeg 400w, https:\/\/www.xalemextraescolars.com\/wp-content\/uploads\/2022\/03\/WhatsApp-Image-2022-03-02-at-11.00.24.jpeg 1600w\" sizes=\"auto, (max-width: 1024px) 100vw, 1024px\" \/><\/figure>\n\n\n\n<figure class=\"wp-block-image size-large\"><img loading=\"lazy\" decoding=\"async\" width=\"1024\" height=\"768\" data-id=\"1460\" src=\"https:\/\/xalemextraescolars.com\/wp-content\/uploads\/2022\/03\/WhatsApp-Image-2022-03-02-at-11.00.42-1024x768.jpeg\" alt=\"\" class=\"wp-image-1460\" srcset=\"https:\/\/www.xalemextraescolars.com\/wp-content\/uploads\/2022\/03\/WhatsApp-Image-2022-03-02-at-11.00.42-1024x768.jpeg 1024w, https:\/\/www.xalemextraescolars.com\/wp-content\/uploads\/2022\/03\/WhatsApp-Image-2022-03-02-at-11.00.42-300x225.jpeg 300w, https:\/\/www.xalemextraescolars.com\/wp-content\/uploads\/2022\/03\/WhatsApp-Image-2022-03-02-at-11.00.42-768x576.jpeg 768w, https:\/\/www.xalemextraescolars.com\/wp-content\/uploads\/2022\/03\/WhatsApp-Image-2022-03-02-at-11.00.42-1536x1152.jpeg 1536w, https:\/\/www.xalemextraescolars.com\/wp-content\/uploads\/2022\/03\/WhatsApp-Image-2022-03-02-at-11.00.42-400x300.jpeg 400w, https:\/\/www.xalemextraescolars.com\/wp-content\/uploads\/2022\/03\/WhatsApp-Image-2022-03-02-at-11.00.42.jpeg 2048w\" sizes=\"auto, (max-width: 1024px) 100vw, 1024px\" \/><\/figure>\n<\/figure>\n","protected":false},"excerpt":{"rendered":"<p>Les classes de ioga Asthanga s\u00f3n progressives i, per tant, tothom hi pot trobar el seu espai perqu\u00e8 s&#8217;adapten al ritme de cadasc\u00fa. La for\u00e7a, &hellip;<\/p>\n","protected":false},"author":3,"featured_media":0,"parent":0,"menu_order":0,"comment_status":"closed","ping_status":"closed","template":"","meta":{"footnotes":""},"class_list":["post-1455","page","type-page","status-publish","hentry"],"_links":{"self":[{"href":"https:\/\/www.xalemextraescolars.com\/index.php\/wp-json\/wp\/v2\/pages\/1455","targetHints":{"allow":["GET"]}}],"collection":[{"href":"https:\/\/www.xalemextraescolars.com\/index.php\/wp-json\/wp\/v2\/pages"}],"about":[{"href":"https:\/\/www.xalemextraescolars.com\/index.php\/wp-json\/wp\/v2\/types\/page"}],"author":[{"embeddable":true,"href":"https:\/\/www.xalemextraescolars.com\/index.php\/wp-json\/wp\/v2\/users\/3"}],"replies":[{"embeddable":true,"href":"https:\/\/www.xalemextraescolars.com\/index.php\/wp-json\/wp\/v2\/comments?post=1455"}],"version-history":[{"count":2,"href":"https:\/\/www.xalemextraescolars.com\/index.php\/wp-json\/wp\/v2\/pages\/1455\/revisions"}],"predecessor-version":[{"id":1461,"href":"https:\/\/www.xalemextraescolars.com\/index.php\/wp-json\/wp\/v2\/pages\/1455\/revisions\/1461"}],"wp:attachment":[{"href":"https:\/\/www.xalemextraescolars.com\/index.php\/wp-json\/wp\/v2\/media?parent=1455"}],"curies":[{"name":"wp","href":"https:\/\/api.w.org\/{rel}","templated":true}]}}