{"id":1520,"date":"2024-06-13T15:01:54","date_gmt":"2024-06-13T15:01:54","guid":{"rendered":"https:\/\/www.xalemextraescolars.com\/?page_id=1520"},"modified":"2024-06-13T15:01:54","modified_gmt":"2024-06-13T15:01:54","slug":"creem-joguines","status":"publish","type":"page","link":"https:\/\/www.xalemextraescolars.com\/index.php\/creem-joguines\/","title":{"rendered":"CREEM JOGUINES"},"content":{"rendered":"\n<p>Una activitat on els infants m\u00e9s petitons podran crear les seves pr\u00f2pies joguines utilitzant tant materials reciclats com espec\u00edfics per a la creaci\u00f3 de la joguina. Posaran a prova la seva imaginaci\u00f3 i creativitat i podran compartir els seus aprenentatges i les seves joguines amb la resta del grup.<\/p>\n","protected":false},"excerpt":{"rendered":"<p>Una activitat on els infants m\u00e9s petitons podran crear les seves pr\u00f2pies joguines utilitzant tant materials reciclats com espec\u00edfics per a la creaci\u00f3 de la &hellip;<\/p>\n","protected":false},"author":3,"featured_media":0,"parent":0,"menu_order":0,"comment_status":"closed","ping_status":"closed","template":"","meta":{"footnotes":""},"class_list":["post-1520","page","type-page","status-publish","hentry"],"_links":{"self":[{"href":"https:\/\/www.xalemextraescolars.com\/index.php\/wp-json\/wp\/v2\/pages\/1520","targetHints":{"allow":["GET"]}}],"collection":[{"href":"https:\/\/www.xalemextraescolars.com\/index.php\/wp-json\/wp\/v2\/pages"}],"about":[{"href":"https:\/\/www.xalemextraescolars.com\/index.php\/wp-json\/wp\/v2\/types\/page"}],"author":[{"embeddable":true,"href":"https:\/\/www.xalemextraescolars.com\/index.php\/wp-json\/wp\/v2\/users\/3"}],"replies":[{"embeddable":true,"href":"https:\/\/www.xalemextraescolars.com\/index.php\/wp-json\/wp\/v2\/comments?post=1520"}],"version-history":[{"count":1,"href":"https:\/\/www.xalemextraescolars.com\/index.php\/wp-json\/wp\/v2\/pages\/1520\/revisions"}],"predecessor-version":[{"id":1521,"href":"https:\/\/www.xalemextraescolars.com\/index.php\/wp-json\/wp\/v2\/pages\/1520\/revisions\/1521"}],"wp:attachment":[{"href":"https:\/\/www.xalemextraescolars.com\/index.php\/wp-json\/wp\/v2\/media?parent=1520"}],"curies":[{"name":"wp","href":"https:\/\/api.w.org\/{rel}","templated":true}]}}