{"id":1526,"date":"2024-06-13T15:08:04","date_gmt":"2024-06-13T15:08:04","guid":{"rendered":"https:\/\/www.xalemextraescolars.com\/?page_id=1526"},"modified":"2024-06-13T16:14:56","modified_gmt":"2024-06-13T16:14:56","slug":"circ","status":"publish","type":"page","link":"https:\/\/www.xalemextraescolars.com\/index.php\/circ\/","title":{"rendered":"CIRC"},"content":{"rendered":"\n<p>L&#8217;activitat de circ pret\u00e9n acostar als infants al m\u00f3n del circ, concretament a les teles acrob\u00e0tiques i a acrob\u00e0cies\/equilibris. La Clara hi posa tots els seus coneixements, il\u00b7lusi\u00f3 i m\u00e0gia perqu\u00e8 sigui una activitat divertida i enriquidora!<\/p>\n\n\n\n<figure class=\"wp-block-gallery has-nested-images columns-default is-cropped wp-block-gallery-1 is-layout-flex wp-block-gallery-is-layout-flex\">\n<figure class=\"wp-block-image size-large\"><img loading=\"lazy\" decoding=\"async\" width=\"1024\" height=\"768\" data-id=\"1547\" src=\"https:\/\/www.xalemextraescolars.com\/wp-content\/uploads\/2024\/06\/WhatsApp-Image-2024-05-07-at-22.51.24-1-1024x768.jpeg\" alt=\"\" class=\"wp-image-1547\" srcset=\"https:\/\/www.xalemextraescolars.com\/wp-content\/uploads\/2024\/06\/WhatsApp-Image-2024-05-07-at-22.51.24-1-1024x768.jpeg 1024w, https:\/\/www.xalemextraescolars.com\/wp-content\/uploads\/2024\/06\/WhatsApp-Image-2024-05-07-at-22.51.24-1-300x225.jpeg 300w, https:\/\/www.xalemextraescolars.com\/wp-content\/uploads\/2024\/06\/WhatsApp-Image-2024-05-07-at-22.51.24-1-768x576.jpeg 768w, https:\/\/www.xalemextraescolars.com\/wp-content\/uploads\/2024\/06\/WhatsApp-Image-2024-05-07-at-22.51.24-1-1536x1152.jpeg 1536w, https:\/\/www.xalemextraescolars.com\/wp-content\/uploads\/2024\/06\/WhatsApp-Image-2024-05-07-at-22.51.24-1-400x300.jpeg 400w, https:\/\/www.xalemextraescolars.com\/wp-content\/uploads\/2024\/06\/WhatsApp-Image-2024-05-07-at-22.51.24-1.jpeg 1600w\" sizes=\"auto, (max-width: 1024px) 100vw, 1024px\" \/><\/figure>\n\n\n\n<figure class=\"wp-block-image size-large\"><img loading=\"lazy\" decoding=\"async\" width=\"1024\" height=\"768\" data-id=\"1548\" src=\"https:\/\/www.xalemextraescolars.com\/wp-content\/uploads\/2024\/06\/WhatsApp-Image-2024-05-07-at-22.48.51-1024x768.jpeg\" alt=\"\" class=\"wp-image-1548\" srcset=\"https:\/\/www.xalemextraescolars.com\/wp-content\/uploads\/2024\/06\/WhatsApp-Image-2024-05-07-at-22.48.51-1024x768.jpeg 1024w, https:\/\/www.xalemextraescolars.com\/wp-content\/uploads\/2024\/06\/WhatsApp-Image-2024-05-07-at-22.48.51-300x225.jpeg 300w, https:\/\/www.xalemextraescolars.com\/wp-content\/uploads\/2024\/06\/WhatsApp-Image-2024-05-07-at-22.48.51-768x576.jpeg 768w, https:\/\/www.xalemextraescolars.com\/wp-content\/uploads\/2024\/06\/WhatsApp-Image-2024-05-07-at-22.48.51-1536x1152.jpeg 1536w, https:\/\/www.xalemextraescolars.com\/wp-content\/uploads\/2024\/06\/WhatsApp-Image-2024-05-07-at-22.48.51-400x300.jpeg 400w, https:\/\/www.xalemextraescolars.com\/wp-content\/uploads\/2024\/06\/WhatsApp-Image-2024-05-07-at-22.48.51.jpeg 1600w\" sizes=\"auto, (max-width: 1024px) 100vw, 1024px\" \/><\/figure>\n\n\n\n<figure class=\"wp-block-image size-large\"><img loading=\"lazy\" decoding=\"async\" width=\"1024\" height=\"768\" data-id=\"1546\" src=\"https:\/\/www.xalemextraescolars.com\/wp-content\/uploads\/2024\/06\/WhatsApp-Image-2024-05-07-at-22.48.56-1024x768.jpeg\" alt=\"\" class=\"wp-image-1546\" srcset=\"https:\/\/www.xalemextraescolars.com\/wp-content\/uploads\/2024\/06\/WhatsApp-Image-2024-05-07-at-22.48.56-1024x768.jpeg 1024w, https:\/\/www.xalemextraescolars.com\/wp-content\/uploads\/2024\/06\/WhatsApp-Image-2024-05-07-at-22.48.56-300x225.jpeg 300w, https:\/\/www.xalemextraescolars.com\/wp-content\/uploads\/2024\/06\/WhatsApp-Image-2024-05-07-at-22.48.56-768x576.jpeg 768w, https:\/\/www.xalemextraescolars.com\/wp-content\/uploads\/2024\/06\/WhatsApp-Image-2024-05-07-at-22.48.56-1536x1152.jpeg 1536w, https:\/\/www.xalemextraescolars.com\/wp-content\/uploads\/2024\/06\/WhatsApp-Image-2024-05-07-at-22.48.56-400x300.jpeg 400w, https:\/\/www.xalemextraescolars.com\/wp-content\/uploads\/2024\/06\/WhatsApp-Image-2024-05-07-at-22.48.56.jpeg 1600w\" sizes=\"auto, (max-width: 1024px) 100vw, 1024px\" \/><\/figure>\n<\/figure>\n","protected":false},"excerpt":{"rendered":"<p>L&#8217;activitat de circ pret\u00e9n acostar als infants al m\u00f3n del circ, concretament a les teles acrob\u00e0tiques i a acrob\u00e0cies\/equilibris. La Clara hi posa tots els &hellip;<\/p>\n","protected":false},"author":3,"featured_media":0,"parent":0,"menu_order":0,"comment_status":"closed","ping_status":"closed","template":"","meta":{"footnotes":""},"class_list":["post-1526","page","type-page","status-publish","hentry"],"_links":{"self":[{"href":"https:\/\/www.xalemextraescolars.com\/index.php\/wp-json\/wp\/v2\/pages\/1526","targetHints":{"allow":["GET"]}}],"collection":[{"href":"https:\/\/www.xalemextraescolars.com\/index.php\/wp-json\/wp\/v2\/pages"}],"about":[{"href":"https:\/\/www.xalemextraescolars.com\/index.php\/wp-json\/wp\/v2\/types\/page"}],"author":[{"embeddable":true,"href":"https:\/\/www.xalemextraescolars.com\/index.php\/wp-json\/wp\/v2\/users\/3"}],"replies":[{"embeddable":true,"href":"https:\/\/www.xalemextraescolars.com\/index.php\/wp-json\/wp\/v2\/comments?post=1526"}],"version-history":[{"count":3,"href":"https:\/\/www.xalemextraescolars.com\/index.php\/wp-json\/wp\/v2\/pages\/1526\/revisions"}],"predecessor-version":[{"id":1549,"href":"https:\/\/www.xalemextraescolars.com\/index.php\/wp-json\/wp\/v2\/pages\/1526\/revisions\/1549"}],"wp:attachment":[{"href":"https:\/\/www.xalemextraescolars.com\/index.php\/wp-json\/wp\/v2\/media?parent=1526"}],"curies":[{"name":"wp","href":"https:\/\/api.w.org\/{rel}","templated":true}]}}