{"id":1528,"date":"2024-06-13T15:10:50","date_gmt":"2024-06-13T15:10:50","guid":{"rendered":"https:\/\/www.xalemextraescolars.com\/?page_id=1528"},"modified":"2024-06-13T15:10:50","modified_gmt":"2024-06-13T15:10:50","slug":"gestio-emocional","status":"publish","type":"page","link":"https:\/\/www.xalemextraescolars.com\/index.php\/gestio-emocional\/","title":{"rendered":"GESTI\u00d3 EMOCIONAL"},"content":{"rendered":"\n<p>A Gesti\u00f3 Emocional, de la m\u00e0 de les psic\u00f2logues de La Neural, aprendrem a con\u00e8ixer i identificar les emocions. Es realitzaran activitats destinades a regular i expressar emocions per tal d&#8217;augmentar la consci\u00e8ncia d&#8217;ells mateixos, tractar l&#8217;autoestima, l&#8217;autoconeixement i empatatizar tamb\u00e9 amb les emocions dels altres. Aix\u00ed, els nens i nenes podran adquirir eines per sentir-se aut\u00f2noms i segurs en el terreny emocional.<\/p>\n","protected":false},"excerpt":{"rendered":"<p>A Gesti\u00f3 Emocional, de la m\u00e0 de les psic\u00f2logues de La Neural, aprendrem a con\u00e8ixer i identificar les emocions. Es realitzaran activitats destinades a regular &hellip;<\/p>\n","protected":false},"author":3,"featured_media":0,"parent":0,"menu_order":0,"comment_status":"closed","ping_status":"closed","template":"","meta":{"footnotes":""},"class_list":["post-1528","page","type-page","status-publish","hentry"],"_links":{"self":[{"href":"https:\/\/www.xalemextraescolars.com\/index.php\/wp-json\/wp\/v2\/pages\/1528","targetHints":{"allow":["GET"]}}],"collection":[{"href":"https:\/\/www.xalemextraescolars.com\/index.php\/wp-json\/wp\/v2\/pages"}],"about":[{"href":"https:\/\/www.xalemextraescolars.com\/index.php\/wp-json\/wp\/v2\/types\/page"}],"author":[{"embeddable":true,"href":"https:\/\/www.xalemextraescolars.com\/index.php\/wp-json\/wp\/v2\/users\/3"}],"replies":[{"embeddable":true,"href":"https:\/\/www.xalemextraescolars.com\/index.php\/wp-json\/wp\/v2\/comments?post=1528"}],"version-history":[{"count":1,"href":"https:\/\/www.xalemextraescolars.com\/index.php\/wp-json\/wp\/v2\/pages\/1528\/revisions"}],"predecessor-version":[{"id":1529,"href":"https:\/\/www.xalemextraescolars.com\/index.php\/wp-json\/wp\/v2\/pages\/1528\/revisions\/1529"}],"wp:attachment":[{"href":"https:\/\/www.xalemextraescolars.com\/index.php\/wp-json\/wp\/v2\/media?parent=1528"}],"curies":[{"name":"wp","href":"https:\/\/api.w.org\/{rel}","templated":true}]}}