{"id":1532,"date":"2024-06-13T15:14:02","date_gmt":"2024-06-13T15:14:02","guid":{"rendered":"https:\/\/www.xalemextraescolars.com\/?page_id=1532"},"modified":"2024-06-13T15:14:03","modified_gmt":"2024-06-13T15:14:03","slug":"pinta-amb-la-vicky","status":"publish","type":"page","link":"https:\/\/www.xalemextraescolars.com\/index.php\/pinta-amb-la-vicky\/","title":{"rendered":"PINTA AMB LA VICKY"},"content":{"rendered":"\n<p>Combinant diferents t\u00e8cniques art\u00edstiques, amb la Vicky aprendrem a fer lettering, crear les nostres pr\u00f2pies l\u00e0mines decoratives, fer regals personalitzats, decorar llibretes&#8230; Farem llibretes, punts de llibre, felicitacions i postals de nadal i, fins i tot, serem els creadors i creadores dels nostres propis calendaris. <\/p>\n","protected":false},"excerpt":{"rendered":"<p>Combinant diferents t\u00e8cniques art\u00edstiques, amb la Vicky aprendrem a fer lettering, crear les nostres pr\u00f2pies l\u00e0mines decoratives, fer regals personalitzats, decorar llibretes&#8230; Farem llibretes, punts &hellip;<\/p>\n","protected":false},"author":3,"featured_media":0,"parent":0,"menu_order":0,"comment_status":"closed","ping_status":"closed","template":"","meta":{"footnotes":""},"class_list":["post-1532","page","type-page","status-publish","hentry"],"_links":{"self":[{"href":"https:\/\/www.xalemextraescolars.com\/index.php\/wp-json\/wp\/v2\/pages\/1532","targetHints":{"allow":["GET"]}}],"collection":[{"href":"https:\/\/www.xalemextraescolars.com\/index.php\/wp-json\/wp\/v2\/pages"}],"about":[{"href":"https:\/\/www.xalemextraescolars.com\/index.php\/wp-json\/wp\/v2\/types\/page"}],"author":[{"embeddable":true,"href":"https:\/\/www.xalemextraescolars.com\/index.php\/wp-json\/wp\/v2\/users\/3"}],"replies":[{"embeddable":true,"href":"https:\/\/www.xalemextraescolars.com\/index.php\/wp-json\/wp\/v2\/comments?post=1532"}],"version-history":[{"count":1,"href":"https:\/\/www.xalemextraescolars.com\/index.php\/wp-json\/wp\/v2\/pages\/1532\/revisions"}],"predecessor-version":[{"id":1533,"href":"https:\/\/www.xalemextraescolars.com\/index.php\/wp-json\/wp\/v2\/pages\/1532\/revisions\/1533"}],"wp:attachment":[{"href":"https:\/\/www.xalemextraescolars.com\/index.php\/wp-json\/wp\/v2\/media?parent=1532"}],"curies":[{"name":"wp","href":"https:\/\/api.w.org\/{rel}","templated":true}]}}