{"id":1536,"date":"2024-06-13T15:17:07","date_gmt":"2024-06-13T15:17:07","guid":{"rendered":"https:\/\/www.xalemextraescolars.com\/?page_id=1536"},"modified":"2024-06-13T15:17:07","modified_gmt":"2024-06-13T15:17:07","slug":"ceramica","status":"publish","type":"page","link":"https:\/\/www.xalemextraescolars.com\/index.php\/ceramica\/","title":{"rendered":"CER\u00c0MICA"},"content":{"rendered":"\n<p>Amb la Gl\u00f2ria de Gl\u00f2riaiPau, els nens i nenes m\u00e9s creatius podran con\u00e8ixer i aprendre a moldejar el fang, a fer-ne figures, coure-les i pintar-les. I sempre es quedaran les figures com a record! <\/p>\n","protected":false},"excerpt":{"rendered":"<p>Amb la Gl\u00f2ria de Gl\u00f2riaiPau, els nens i nenes m\u00e9s creatius podran con\u00e8ixer i aprendre a moldejar el fang, a fer-ne figures, coure-les i pintar-les. &hellip;<\/p>\n","protected":false},"author":3,"featured_media":0,"parent":0,"menu_order":0,"comment_status":"closed","ping_status":"closed","template":"","meta":{"footnotes":""},"class_list":["post-1536","page","type-page","status-publish","hentry"],"_links":{"self":[{"href":"https:\/\/www.xalemextraescolars.com\/index.php\/wp-json\/wp\/v2\/pages\/1536","targetHints":{"allow":["GET"]}}],"collection":[{"href":"https:\/\/www.xalemextraescolars.com\/index.php\/wp-json\/wp\/v2\/pages"}],"about":[{"href":"https:\/\/www.xalemextraescolars.com\/index.php\/wp-json\/wp\/v2\/types\/page"}],"author":[{"embeddable":true,"href":"https:\/\/www.xalemextraescolars.com\/index.php\/wp-json\/wp\/v2\/users\/3"}],"replies":[{"embeddable":true,"href":"https:\/\/www.xalemextraescolars.com\/index.php\/wp-json\/wp\/v2\/comments?post=1536"}],"version-history":[{"count":1,"href":"https:\/\/www.xalemextraescolars.com\/index.php\/wp-json\/wp\/v2\/pages\/1536\/revisions"}],"predecessor-version":[{"id":1537,"href":"https:\/\/www.xalemextraescolars.com\/index.php\/wp-json\/wp\/v2\/pages\/1536\/revisions\/1537"}],"wp:attachment":[{"href":"https:\/\/www.xalemextraescolars.com\/index.php\/wp-json\/wp\/v2\/media?parent=1536"}],"curies":[{"name":"wp","href":"https:\/\/api.w.org\/{rel}","templated":true}]}}