{"id":760,"date":"2021-03-21T00:53:57","date_gmt":"2021-03-21T00:53:57","guid":{"rendered":"http:\/\/masoveriadeterradellas.com\/xalem.com\/public_html\/?page_id=760"},"modified":"2021-05-10T08:27:37","modified_gmt":"2021-05-10T08:27:37","slug":"projecte","status":"publish","type":"page","link":"https:\/\/www.xalemextraescolars.com\/index.php\/projecte\/","title":{"rendered":"PROJECTE"},"content":{"rendered":"\n<p>Xalem \u00e9s un projecte que vol posar en valor el temps lliure com a espai educatiu a un petit poble del Bergued\u00e0. Des de Xalem pensem que viure plenament vol dir gaudir del lleure com a espai de socialitzaci\u00f3 i alhora de trobada amb un mateix; volem que infants, adults i fam\u00edlies puguin aprendre i cr\u00e9ixer mentre gaudeixen de l\u2019esport, de la m\u00fasica i de qualsevol de les activitats que oferim.&nbsp;<\/p>\n\n\n\n<p>El nostre eix vertebrador s\u00f3n les activitats extraescolars, per\u00f2 tamb\u00e9 apostem per les activitats per adults i en fam\u00edlia. I tenim moltes ganes de compartir tot aix\u00f2 que ens omple amb tots i totes vosaltres.<\/p>\n\n\n\n<p>Xalem a l&#8217;hora de pensar, dissenyar i execturar una activitats t\u00e9 com a pilar els seg\u00fcents punts claus:<\/p>\n\n\n\n<ul class=\"wp-block-list\"><li>NATURA: el vincle entre la natura i els \u00e9ssers humans ens apassiona, \u00e9s per aix\u00f2 que en gaudim i n\u2019aprenem sempre que podem.&nbsp;<\/li><li>ESPORT I ACTIVITAT F\u00cdSICA: creiem en l\u2019esport i l\u2019activitat f\u00edsica com un h\u00e0bit del dia a dia, no importa ni l\u2019edat ni el g\u00e8nere per gaudir-ho al m\u00e0xim.&nbsp;<\/li><li>CREATIVITAT: creiem en l\u2019art, la musica, la dansa, la pintura i totes les expressions art\u00edstiques ens conviden a escoltar-nos i tamb\u00e9 a escoltar els altres. Tot aix\u00f2 es tradueix en una gran dosi d\u2019imaginaci\u00f3 i creativitat en la nostra manera de fer.&nbsp;<\/li><li>AUTONOMIA: volem que els infants puguin sentir-se capa\u00e7os de prendre les seves pr\u00f2pies decisions, i per aix\u00f2 confiem en elles, i a m\u00e9s promovem la seva participaci\u00f3 activa en totes les activitats.&nbsp;<\/li><li>SALUT: saber-se cuidar f\u00edsicament i mentalment pensem que \u00e9s b\u00e0sic per viure, ens agrada aportar un granet de sorra al vostre benestar.&nbsp;<\/li><li>AUSTERITAT: creiem amb les coses petites i senzilles, no ens calen grans coses per aprendre, cr\u00e9ixer i gaudir i \u00e9s aix\u00f2 el qu\u00e8 intentem transmetre amb les nostres activitats.&nbsp;<\/li><\/ul>\n\n\n\n<p>La il\u00b7lusi\u00f3 i ganes de tirar endavant aquest projecte \u00e9s de la Judit i la Sara; dues noies joves, amb energ\u00eda, ganes d&#8217;aprendre i d&#8217;ajudar i fer sentir b\u00e9 les persones del seu voltant.<\/p>\n\n\n\n<p>JUDIT <\/p>\n\n\n\n<p>La Judit \u00e9s pura energia i foc. Escoltar-se el cos i aprofitar la natura s\u00f3n els dos pilars de la seva manera de fer i ser. \u00c9s per aix\u00f2 que s\u2019ocupa de tota la part esportiva. A m\u00e9s, no para mai de pensar i \u00e9s d\u2019aquest pensar constant d\u2019on neixen les millors idees de Xalem.&nbsp;<\/p>\n\n\n\n<p>SARA <\/p>\n\n\n\n<p>La Sara \u00e9s positivisme i energia constant! La m\u00fasica li d\u00f3na vida i aix\u00ed ho transmet i ho comparteix amb qui l&#8217;envolta. Li apassiona jugar, compartir i xalar, t\u00e9 unes idees brillants dins del m\u00f3n del lleure. Estima a les persones i les cuida tan com pot, d&#8217;aqu\u00ed en surt la seva estimaci\u00f3.  <\/p>\n\n\n\n<figure class=\"wp-block-gallery columns-1 is-cropped wp-block-gallery-1 is-layout-flex wp-block-gallery-is-layout-flex\"><ul class=\"blocks-gallery-grid\"><li class=\"blocks-gallery-item\"><figure><img loading=\"lazy\" decoding=\"async\" width=\"1024\" height=\"682\" src=\"http:\/\/masoveriadeterradellas.com\/xalem.com\/public_html\/wp-content\/uploads\/2021\/05\/WhatsApp-Image-2021-05-10-at-10.18.33-1024x682.jpeg\" alt=\"\" data-id=\"1141\" data-full-url=\"http:\/\/masoveriadeterradellas.com\/xalem.com\/public_html\/wp-content\/uploads\/2021\/05\/WhatsApp-Image-2021-05-10-at-10.18.33.jpeg\" data-link=\"http:\/\/masoveriadeterradellas.com\/xalem.com\/public_html\/index.php\/projecte\/whatsapp-image-2021-05-10-at-10-18-33\/\" class=\"wp-image-1141\" srcset=\"https:\/\/www.xalemextraescolars.com\/wp-content\/uploads\/2021\/05\/WhatsApp-Image-2021-05-10-at-10.18.33-1024x682.jpeg 1024w, https:\/\/www.xalemextraescolars.com\/wp-content\/uploads\/2021\/05\/WhatsApp-Image-2021-05-10-at-10.18.33-300x200.jpeg 300w, https:\/\/www.xalemextraescolars.com\/wp-content\/uploads\/2021\/05\/WhatsApp-Image-2021-05-10-at-10.18.33-768x512.jpeg 768w, https:\/\/www.xalemextraescolars.com\/wp-content\/uploads\/2021\/05\/WhatsApp-Image-2021-05-10-at-10.18.33-1536x1023.jpeg 1536w, https:\/\/www.xalemextraescolars.com\/wp-content\/uploads\/2021\/05\/WhatsApp-Image-2021-05-10-at-10.18.33-450x300.jpeg 450w, https:\/\/www.xalemextraescolars.com\/wp-content\/uploads\/2021\/05\/WhatsApp-Image-2021-05-10-at-10.18.33.jpeg 1600w\" sizes=\"auto, (max-width: 1024px) 100vw, 1024px\" \/><\/figure><\/li><\/ul><\/figure>\n","protected":false},"excerpt":{"rendered":"<p>Xalem \u00e9s un projecte que vol posar en valor el temps lliure com a espai educatiu a un petit poble del Bergued\u00e0. Des de Xalem &hellip;<\/p>\n","protected":false},"author":1,"featured_media":0,"parent":0,"menu_order":2,"comment_status":"closed","ping_status":"closed","template":"","meta":{"footnotes":""},"class_list":["post-760","page","type-page","status-publish","hentry"],"_links":{"self":[{"href":"https:\/\/www.xalemextraescolars.com\/index.php\/wp-json\/wp\/v2\/pages\/760","targetHints":{"allow":["GET"]}}],"collection":[{"href":"https:\/\/www.xalemextraescolars.com\/index.php\/wp-json\/wp\/v2\/pages"}],"about":[{"href":"https:\/\/www.xalemextraescolars.com\/index.php\/wp-json\/wp\/v2\/types\/page"}],"author":[{"embeddable":true,"href":"https:\/\/www.xalemextraescolars.com\/index.php\/wp-json\/wp\/v2\/users\/1"}],"replies":[{"embeddable":true,"href":"https:\/\/www.xalemextraescolars.com\/index.php\/wp-json\/wp\/v2\/comments?post=760"}],"version-history":[{"count":4,"href":"https:\/\/www.xalemextraescolars.com\/index.php\/wp-json\/wp\/v2\/pages\/760\/revisions"}],"predecessor-version":[{"id":1142,"href":"https:\/\/www.xalemextraescolars.com\/index.php\/wp-json\/wp\/v2\/pages\/760\/revisions\/1142"}],"wp:attachment":[{"href":"https:\/\/www.xalemextraescolars.com\/index.php\/wp-json\/wp\/v2\/media?parent=760"}],"curies":[{"name":"wp","href":"https:\/\/api.w.org\/{rel}","templated":true}]}}