{"id":775,"date":"2021-03-21T01:09:34","date_gmt":"2021-03-21T01:09:34","guid":{"rendered":"http:\/\/masoveriadeterradellas.com\/xalem.com\/public_html\/?page_id=775"},"modified":"2021-05-14T06:47:57","modified_gmt":"2021-05-14T06:47:57","slug":"canta-i-balla","status":"publish","type":"page","link":"https:\/\/www.xalemextraescolars.com\/index.php\/infants-i-joves\/activitats-extraescolars\/canta-i-balla\/","title":{"rendered":"Canta i Balla"},"content":{"rendered":"\n<p>Els infants d\u2019educaci\u00f3 infantil <strong>ballen<\/strong>, canten, salten i juguen a trav\u00e9s de la m\u00fasica i el moviment en aquesta activitat potent i divertida!<\/p>\n\n\n\n<figure class=\"wp-block-gallery columns-2 is-cropped wp-block-gallery-1 is-layout-flex wp-block-gallery-is-layout-flex\"><ul class=\"blocks-gallery-grid\"><li class=\"blocks-gallery-item\"><figure><img loading=\"lazy\" decoding=\"async\" width=\"768\" height=\"1024\" src=\"http:\/\/masoveriadeterradellas.com\/xalem.com\/public_html\/wp-content\/uploads\/2021\/05\/IMG_20180502_174632_502-768x1024.jpg\" alt=\"\" data-id=\"1262\" data-link=\"http:\/\/masoveriadeterradellas.com\/xalem.com\/public_html\/index.php\/infants-i-joves\/activitats-extraescolars\/canta-i-balla\/img_20180502_174632_502\/\" class=\"wp-image-1262\" srcset=\"https:\/\/www.xalemextraescolars.com\/wp-content\/uploads\/2021\/05\/IMG_20180502_174632_502-768x1024.jpg 768w, https:\/\/www.xalemextraescolars.com\/wp-content\/uploads\/2021\/05\/IMG_20180502_174632_502-225x300.jpg 225w, https:\/\/www.xalemextraescolars.com\/wp-content\/uploads\/2021\/05\/IMG_20180502_174632_502-1152x1536.jpg 1152w, https:\/\/www.xalemextraescolars.com\/wp-content\/uploads\/2021\/05\/IMG_20180502_174632_502-1536x2048.jpg 1536w, https:\/\/www.xalemextraescolars.com\/wp-content\/uploads\/2021\/05\/IMG_20180502_174632_502-scaled.jpg 1920w\" sizes=\"auto, (max-width: 768px) 100vw, 768px\" \/><\/figure><\/li><li class=\"blocks-gallery-item\"><figure><img loading=\"lazy\" decoding=\"async\" width=\"1024\" height=\"768\" src=\"http:\/\/xalemextraescolars.com\/wp-content\/uploads\/2021\/05\/WhatsApp-Image-2021-01-01-at-20.31.01-1024x768.jpeg\" alt=\"\" data-id=\"1340\" data-full-url=\"http:\/\/xalemextraescolars.com\/wp-content\/uploads\/2021\/05\/WhatsApp-Image-2021-01-01-at-20.31.01.jpeg\" data-link=\"http:\/\/xalemextraescolars.com\/index.php\/infants-i-joves\/activitats-extraescolars\/canta-i-balla\/whatsapp-image-2021-01-01-at-20-31-01\/\" class=\"wp-image-1340\" srcset=\"https:\/\/www.xalemextraescolars.com\/wp-content\/uploads\/2021\/05\/WhatsApp-Image-2021-01-01-at-20.31.01-1024x768.jpeg 1024w, https:\/\/www.xalemextraescolars.com\/wp-content\/uploads\/2021\/05\/WhatsApp-Image-2021-01-01-at-20.31.01-300x225.jpeg 300w, https:\/\/www.xalemextraescolars.com\/wp-content\/uploads\/2021\/05\/WhatsApp-Image-2021-01-01-at-20.31.01-768x576.jpeg 768w, https:\/\/www.xalemextraescolars.com\/wp-content\/uploads\/2021\/05\/WhatsApp-Image-2021-01-01-at-20.31.01-1536x1152.jpeg 1536w, https:\/\/www.xalemextraescolars.com\/wp-content\/uploads\/2021\/05\/WhatsApp-Image-2021-01-01-at-20.31.01-400x300.jpeg 400w, https:\/\/www.xalemextraescolars.com\/wp-content\/uploads\/2021\/05\/WhatsApp-Image-2021-01-01-at-20.31.01.jpeg 1600w\" sizes=\"auto, (max-width: 1024px) 100vw, 1024px\" \/><\/figure><\/li><\/ul><\/figure>\n","protected":false},"excerpt":{"rendered":"<p>Els infants d\u2019educaci\u00f3 infantil ballen, canten, salten i juguen a trav\u00e9s de la m\u00fasica i el moviment en aquesta activitat potent i divertida!<\/p>\n","protected":false},"author":1,"featured_media":0,"parent":772,"menu_order":1,"comment_status":"closed","ping_status":"closed","template":"","meta":{"footnotes":""},"class_list":["post-775","page","type-page","status-publish","hentry"],"_links":{"self":[{"href":"https:\/\/www.xalemextraescolars.com\/index.php\/wp-json\/wp\/v2\/pages\/775","targetHints":{"allow":["GET"]}}],"collection":[{"href":"https:\/\/www.xalemextraescolars.com\/index.php\/wp-json\/wp\/v2\/pages"}],"about":[{"href":"https:\/\/www.xalemextraescolars.com\/index.php\/wp-json\/wp\/v2\/types\/page"}],"author":[{"embeddable":true,"href":"https:\/\/www.xalemextraescolars.com\/index.php\/wp-json\/wp\/v2\/users\/1"}],"replies":[{"embeddable":true,"href":"https:\/\/www.xalemextraescolars.com\/index.php\/wp-json\/wp\/v2\/comments?post=775"}],"version-history":[{"count":4,"href":"https:\/\/www.xalemextraescolars.com\/index.php\/wp-json\/wp\/v2\/pages\/775\/revisions"}],"predecessor-version":[{"id":1341,"href":"https:\/\/www.xalemextraescolars.com\/index.php\/wp-json\/wp\/v2\/pages\/775\/revisions\/1341"}],"up":[{"embeddable":true,"href":"https:\/\/www.xalemextraescolars.com\/index.php\/wp-json\/wp\/v2\/pages\/772"}],"wp:attachment":[{"href":"https:\/\/www.xalemextraescolars.com\/index.php\/wp-json\/wp\/v2\/media?parent=775"}],"curies":[{"name":"wp","href":"https:\/\/api.w.org\/{rel}","templated":true}]}}