{"id":781,"date":"2021-03-21T01:10:23","date_gmt":"2021-03-21T01:10:23","guid":{"rendered":"http:\/\/masoveriadeterradellas.com\/xalem.com\/public_html\/?page_id=781"},"modified":"2021-05-14T06:46:55","modified_gmt":"2021-05-14T06:46:55","slug":"menjadors-escolars","status":"publish","type":"page","link":"https:\/\/www.xalemextraescolars.com\/index.php\/infants-i-joves\/menjadors-escolars\/","title":{"rendered":"Menjadors Escolars"},"content":{"rendered":"\n<p>DINAR<\/p>\n\n\n\n<p>L\u2019hora de dinar a l\u2019escola pot ser molt divertida perqu\u00e8 compartim el menjar amb els nostres amics i amigues. Per a nosaltres, aquest compartir ha d\u2019anar acompanyat de voler descobrir nous sabors, saber escollir qu\u00e8 ens ve de gust i entendre com l\u2019alimentaci\u00f3 \u00e9s important per a les nostres vides. \u00c9s clau que aprofitem l\u2019hora de dinar a l\u2019escola per a potenciar l\u2019autonomia dels infants a l\u2019hora de menjar.<\/p>\n\n\n\n<p>JOC LLIURE<\/p>\n\n\n\n<p>Entenem l\u2019espai menjador com un moment de lleure pels infants. En ell \u00e9s on juguen lliurement i es relacionen amb els companys i companyes sense cap activitat dirigida. \u00c9s per aix\u00f2 que sovint sorgeixen els conflictes. Aprendre a resoldre aquests conflictes de forma assertiva, comprensiva i respectuosa \u00e9s clau per l\u2019aprenentatge i el creixement dels infants i \u00e9s per aix\u00f2 que creiem tant en aquest moment com a espai de socialitzaci\u00f3.<\/p>\n\n\n\n<p>ACTIVITATS DE PATI<\/p>\n\n\n\n<p>Hi ha infants que poden trobar l\u2019hora del migdia una mica llarga i \u00e9s per aix\u00f2 que tamb\u00e9 oferim activitats dirigides per fer al pati amb els nens i nenes que ho vulguin: jocs de gran grup, manualitats o esports per fer m\u00e9s amena aquella estona de despr\u00e9s de dinar.<\/p>\n\n\n\n<figure class=\"wp-block-gallery columns-3 is-cropped wp-block-gallery-1 is-layout-flex wp-block-gallery-is-layout-flex\"><ul class=\"blocks-gallery-grid\"><li class=\"blocks-gallery-item\"><figure><img loading=\"lazy\" decoding=\"async\" width=\"768\" height=\"1024\" src=\"http:\/\/xalemextraescolars.com\/wp-content\/uploads\/2021\/05\/WhatsApp-Image-2021-05-14-at-08.45.41-768x1024.jpeg\" alt=\"\" data-id=\"1336\" data-link=\"http:\/\/xalemextraescolars.com\/index.php\/infants-i-joves\/menjadors-escolars\/whatsapp-image-2021-05-14-at-08-45-41\/\" class=\"wp-image-1336\" srcset=\"https:\/\/www.xalemextraescolars.com\/wp-content\/uploads\/2021\/05\/WhatsApp-Image-2021-05-14-at-08.45.41-768x1024.jpeg 768w, https:\/\/www.xalemextraescolars.com\/wp-content\/uploads\/2021\/05\/WhatsApp-Image-2021-05-14-at-08.45.41-225x300.jpeg 225w, https:\/\/www.xalemextraescolars.com\/wp-content\/uploads\/2021\/05\/WhatsApp-Image-2021-05-14-at-08.45.41-1152x1536.jpeg 1152w, https:\/\/www.xalemextraescolars.com\/wp-content\/uploads\/2021\/05\/WhatsApp-Image-2021-05-14-at-08.45.41.jpeg 1200w\" sizes=\"auto, (max-width: 768px) 100vw, 768px\" \/><\/figure><\/li><li class=\"blocks-gallery-item\"><figure><img loading=\"lazy\" decoding=\"async\" width=\"768\" height=\"1024\" src=\"http:\/\/xalemextraescolars.com\/wp-content\/uploads\/2021\/05\/WhatsApp-Image-2021-05-14-at-08.44.14-768x1024.jpeg\" alt=\"\" data-id=\"1337\" data-link=\"http:\/\/xalemextraescolars.com\/index.php\/infants-i-joves\/menjadors-escolars\/whatsapp-image-2021-05-14-at-08-44-14\/\" class=\"wp-image-1337\" srcset=\"https:\/\/www.xalemextraescolars.com\/wp-content\/uploads\/2021\/05\/WhatsApp-Image-2021-05-14-at-08.44.14-768x1024.jpeg 768w, https:\/\/www.xalemextraescolars.com\/wp-content\/uploads\/2021\/05\/WhatsApp-Image-2021-05-14-at-08.44.14-225x300.jpeg 225w, https:\/\/www.xalemextraescolars.com\/wp-content\/uploads\/2021\/05\/WhatsApp-Image-2021-05-14-at-08.44.14-1152x1536.jpeg 1152w, https:\/\/www.xalemextraescolars.com\/wp-content\/uploads\/2021\/05\/WhatsApp-Image-2021-05-14-at-08.44.14.jpeg 1200w\" sizes=\"auto, (max-width: 768px) 100vw, 768px\" \/><\/figure><\/li><li class=\"blocks-gallery-item\"><figure><img loading=\"lazy\" decoding=\"async\" width=\"768\" height=\"1024\" src=\"http:\/\/xalemextraescolars.com\/wp-content\/uploads\/2021\/05\/WhatsApp-Image-2021-05-14-at-08.44.14-2-768x1024.jpeg\" alt=\"\" data-id=\"1338\" data-full-url=\"http:\/\/xalemextraescolars.com\/wp-content\/uploads\/2021\/05\/WhatsApp-Image-2021-05-14-at-08.44.14-2.jpeg\" data-link=\"http:\/\/xalemextraescolars.com\/index.php\/infants-i-joves\/menjadors-escolars\/whatsapp-image-2021-05-14-at-08-44-14-2\/\" class=\"wp-image-1338\" srcset=\"https:\/\/www.xalemextraescolars.com\/wp-content\/uploads\/2021\/05\/WhatsApp-Image-2021-05-14-at-08.44.14-2-768x1024.jpeg 768w, https:\/\/www.xalemextraescolars.com\/wp-content\/uploads\/2021\/05\/WhatsApp-Image-2021-05-14-at-08.44.14-2-225x300.jpeg 225w, https:\/\/www.xalemextraescolars.com\/wp-content\/uploads\/2021\/05\/WhatsApp-Image-2021-05-14-at-08.44.14-2-1152x1536.jpeg 1152w, https:\/\/www.xalemextraescolars.com\/wp-content\/uploads\/2021\/05\/WhatsApp-Image-2021-05-14-at-08.44.14-2.jpeg 1200w\" sizes=\"auto, (max-width: 768px) 100vw, 768px\" \/><\/figure><\/li><\/ul><\/figure>\n","protected":false},"excerpt":{"rendered":"<p>DINAR L\u2019hora de dinar a l\u2019escola pot ser molt divertida perqu\u00e8 compartim el menjar amb els nostres amics i amigues. Per a nosaltres, aquest compartir &hellip;<\/p>\n","protected":false},"author":1,"featured_media":0,"parent":769,"menu_order":2,"comment_status":"closed","ping_status":"closed","template":"","meta":{"footnotes":""},"class_list":["post-781","page","type-page","status-publish","hentry"],"_links":{"self":[{"href":"https:\/\/www.xalemextraescolars.com\/index.php\/wp-json\/wp\/v2\/pages\/781","targetHints":{"allow":["GET"]}}],"collection":[{"href":"https:\/\/www.xalemextraescolars.com\/index.php\/wp-json\/wp\/v2\/pages"}],"about":[{"href":"https:\/\/www.xalemextraescolars.com\/index.php\/wp-json\/wp\/v2\/types\/page"}],"author":[{"embeddable":true,"href":"https:\/\/www.xalemextraescolars.com\/index.php\/wp-json\/wp\/v2\/users\/1"}],"replies":[{"embeddable":true,"href":"https:\/\/www.xalemextraescolars.com\/index.php\/wp-json\/wp\/v2\/comments?post=781"}],"version-history":[{"count":2,"href":"https:\/\/www.xalemextraescolars.com\/index.php\/wp-json\/wp\/v2\/pages\/781\/revisions"}],"predecessor-version":[{"id":1339,"href":"https:\/\/www.xalemextraescolars.com\/index.php\/wp-json\/wp\/v2\/pages\/781\/revisions\/1339"}],"up":[{"embeddable":true,"href":"https:\/\/www.xalemextraescolars.com\/index.php\/wp-json\/wp\/v2\/pages\/769"}],"wp:attachment":[{"href":"https:\/\/www.xalemextraescolars.com\/index.php\/wp-json\/wp\/v2\/media?parent=781"}],"curies":[{"name":"wp","href":"https:\/\/api.w.org\/{rel}","templated":true}]}}