{"id":784,"date":"2021-03-21T01:10:49","date_gmt":"2021-03-21T01:10:49","guid":{"rendered":"http:\/\/masoveriadeterradellas.com\/xalem.com\/public_html\/?page_id=784"},"modified":"2022-01-09T12:12:56","modified_gmt":"2022-01-09T12:12:56","slug":"casals-destiu-i-de-nadal","status":"publish","type":"page","link":"https:\/\/www.xalemextraescolars.com\/index.php\/infants-i-joves\/casals-destiu-i-de-nadal\/","title":{"rendered":"Casals d&#8217;estiu i de Nadal"},"content":{"rendered":"\n<p>Els casals s\u00f3n un dels nostres pilars. Creiem que l\u2019educaci\u00f3 en el lleure, tan a l\u2019hivern com a l\u2019estiu, \u00e9s b\u00e0sica pel creixement i desenvolupament dels infants. Als casal els infants jugaran i aprendran aix\u00ed un munt de coses que podran compartir amb els seus amics i amigues.<\/p>\n\n\n\n<figure class=\"wp-block-gallery aligncenter columns-3 wp-block-gallery-1 is-layout-flex wp-block-gallery-is-layout-flex\"><ul class=\"blocks-gallery-grid\"><li class=\"blocks-gallery-item\"><figure><img loading=\"lazy\" decoding=\"async\" width=\"768\" height=\"1024\" src=\"http:\/\/masoveriadeterradellas.com\/xalem.com\/public_html\/wp-content\/uploads\/2021\/05\/IMG-20180801-WA0007-768x1024.jpg\" alt=\"\" data-id=\"1215\" data-link=\"http:\/\/masoveriadeterradellas.com\/xalem.com\/public_html\/index.php\/infants-i-joves\/casals-destiu-i-de-nadal\/img-20180801-wa0007\/\" class=\"wp-image-1215\" srcset=\"https:\/\/www.xalemextraescolars.com\/wp-content\/uploads\/2021\/05\/IMG-20180801-WA0007-768x1024.jpg 768w, https:\/\/www.xalemextraescolars.com\/wp-content\/uploads\/2021\/05\/IMG-20180801-WA0007-225x300.jpg 225w, https:\/\/www.xalemextraescolars.com\/wp-content\/uploads\/2021\/05\/IMG-20180801-WA0007-1152x1536.jpg 1152w, https:\/\/www.xalemextraescolars.com\/wp-content\/uploads\/2021\/05\/IMG-20180801-WA0007.jpg 1200w\" sizes=\"auto, (max-width: 768px) 100vw, 768px\" \/><\/figure><\/li><li class=\"blocks-gallery-item\"><figure><img loading=\"lazy\" decoding=\"async\" width=\"768\" height=\"1024\" src=\"http:\/\/masoveriadeterradellas.com\/xalem.com\/public_html\/wp-content\/uploads\/2021\/05\/IMG-20180802-WA0013-768x1024.jpg\" alt=\"\" data-id=\"1216\" data-link=\"http:\/\/masoveriadeterradellas.com\/xalem.com\/public_html\/index.php\/infants-i-joves\/casals-destiu-i-de-nadal\/img-20180802-wa0013\/\" class=\"wp-image-1216\" srcset=\"https:\/\/www.xalemextraescolars.com\/wp-content\/uploads\/2021\/05\/IMG-20180802-WA0013-768x1024.jpg 768w, https:\/\/www.xalemextraescolars.com\/wp-content\/uploads\/2021\/05\/IMG-20180802-WA0013-225x300.jpg 225w, https:\/\/www.xalemextraescolars.com\/wp-content\/uploads\/2021\/05\/IMG-20180802-WA0013-1152x1536.jpg 1152w, https:\/\/www.xalemextraescolars.com\/wp-content\/uploads\/2021\/05\/IMG-20180802-WA0013.jpg 1200w\" sizes=\"auto, (max-width: 768px) 100vw, 768px\" \/><\/figure><\/li><li class=\"blocks-gallery-item\"><figure><img loading=\"lazy\" decoding=\"async\" width=\"768\" height=\"1024\" src=\"http:\/\/masoveriadeterradellas.com\/xalem.com\/public_html\/wp-content\/uploads\/2021\/05\/IMG-20180726-WA0001-768x1024.jpg\" alt=\"\" data-id=\"1219\" data-link=\"http:\/\/masoveriadeterradellas.com\/xalem.com\/public_html\/index.php\/infants-i-joves\/casals-destiu-i-de-nadal\/img-20180726-wa0001\/\" class=\"wp-image-1219\" srcset=\"https:\/\/www.xalemextraescolars.com\/wp-content\/uploads\/2021\/05\/IMG-20180726-WA0001-768x1024.jpg 768w, https:\/\/www.xalemextraescolars.com\/wp-content\/uploads\/2021\/05\/IMG-20180726-WA0001-225x300.jpg 225w, https:\/\/www.xalemextraescolars.com\/wp-content\/uploads\/2021\/05\/IMG-20180726-WA0001-1152x1536.jpg 1152w, https:\/\/www.xalemextraescolars.com\/wp-content\/uploads\/2021\/05\/IMG-20180726-WA0001.jpg 1200w\" sizes=\"auto, (max-width: 768px) 100vw, 768px\" \/><\/figure><\/li><li class=\"blocks-gallery-item\"><figure><img loading=\"lazy\" decoding=\"async\" width=\"768\" height=\"1024\" src=\"http:\/\/masoveriadeterradellas.com\/xalem.com\/public_html\/wp-content\/uploads\/2021\/05\/WhatsApp-Image-2021-01-01-at-20.30.06-768x1024.jpeg\" alt=\"\" data-id=\"1283\" data-link=\"http:\/\/masoveriadeterradellas.com\/xalem.com\/public_html\/index.php\/infants-i-joves\/casals-destiu-i-de-nadal\/whatsapp-image-2021-01-01-at-20-30-06\/\" class=\"wp-image-1283\" srcset=\"https:\/\/www.xalemextraescolars.com\/wp-content\/uploads\/2021\/05\/WhatsApp-Image-2021-01-01-at-20.30.06-768x1024.jpeg 768w, https:\/\/www.xalemextraescolars.com\/wp-content\/uploads\/2021\/05\/WhatsApp-Image-2021-01-01-at-20.30.06-225x300.jpeg 225w, https:\/\/www.xalemextraescolars.com\/wp-content\/uploads\/2021\/05\/WhatsApp-Image-2021-01-01-at-20.30.06-1152x1536.jpeg 1152w, https:\/\/www.xalemextraescolars.com\/wp-content\/uploads\/2021\/05\/WhatsApp-Image-2021-01-01-at-20.30.06.jpeg 1200w\" sizes=\"auto, (max-width: 768px) 100vw, 768px\" \/><\/figure><\/li><li class=\"blocks-gallery-item\"><figure><img loading=\"lazy\" decoding=\"async\" width=\"1024\" height=\"768\" src=\"http:\/\/masoveriadeterradellas.com\/xalem.com\/public_html\/wp-content\/uploads\/2021\/05\/IMG_20210105_135215_534.jpg\" alt=\"\" data-id=\"1284\" data-full-url=\"http:\/\/masoveriadeterradellas.com\/xalem.com\/public_html\/wp-content\/uploads\/2021\/05\/IMG_20210105_135215_534.jpg\" data-link=\"http:\/\/masoveriadeterradellas.com\/xalem.com\/public_html\/index.php\/infants-i-joves\/casals-destiu-i-de-nadal\/img_20210105_135215_534\/\" class=\"wp-image-1284\" srcset=\"https:\/\/www.xalemextraescolars.com\/wp-content\/uploads\/2021\/05\/IMG_20210105_135215_534.jpg 1024w, https:\/\/www.xalemextraescolars.com\/wp-content\/uploads\/2021\/05\/IMG_20210105_135215_534-300x225.jpg 300w, https:\/\/www.xalemextraescolars.com\/wp-content\/uploads\/2021\/05\/IMG_20210105_135215_534-768x576.jpg 768w, https:\/\/www.xalemextraescolars.com\/wp-content\/uploads\/2021\/05\/IMG_20210105_135215_534-400x300.jpg 400w\" sizes=\"auto, (max-width: 1024px) 100vw, 1024px\" \/><\/figure><\/li><\/ul><\/figure>\n","protected":false},"excerpt":{"rendered":"<p>Els casals s\u00f3n un dels nostres pilars. Creiem que l\u2019educaci\u00f3 en el lleure, tan a l\u2019hivern com a l\u2019estiu, \u00e9s b\u00e0sica pel creixement i desenvolupament &hellip;<\/p>\n","protected":false},"author":1,"featured_media":0,"parent":769,"menu_order":5,"comment_status":"closed","ping_status":"closed","template":"","meta":{"footnotes":""},"class_list":["post-784","page","type-page","status-publish","hentry"],"_links":{"self":[{"href":"https:\/\/www.xalemextraescolars.com\/index.php\/wp-json\/wp\/v2\/pages\/784","targetHints":{"allow":["GET"]}}],"collection":[{"href":"https:\/\/www.xalemextraescolars.com\/index.php\/wp-json\/wp\/v2\/pages"}],"about":[{"href":"https:\/\/www.xalemextraescolars.com\/index.php\/wp-json\/wp\/v2\/types\/page"}],"author":[{"embeddable":true,"href":"https:\/\/www.xalemextraescolars.com\/index.php\/wp-json\/wp\/v2\/users\/1"}],"replies":[{"embeddable":true,"href":"https:\/\/www.xalemextraescolars.com\/index.php\/wp-json\/wp\/v2\/comments?post=784"}],"version-history":[{"count":7,"href":"https:\/\/www.xalemextraescolars.com\/index.php\/wp-json\/wp\/v2\/pages\/784\/revisions"}],"predecessor-version":[{"id":1401,"href":"https:\/\/www.xalemextraescolars.com\/index.php\/wp-json\/wp\/v2\/pages\/784\/revisions\/1401"}],"up":[{"embeddable":true,"href":"https:\/\/www.xalemextraescolars.com\/index.php\/wp-json\/wp\/v2\/pages\/769"}],"wp:attachment":[{"href":"https:\/\/www.xalemextraescolars.com\/index.php\/wp-json\/wp\/v2\/media?parent=784"}],"curies":[{"name":"wp","href":"https:\/\/api.w.org\/{rel}","templated":true}]}}