{"id":819,"date":"2021-03-22T16:08:23","date_gmt":"2021-03-22T16:08:23","guid":{"rendered":"http:\/\/masoveriadeterradellas.com\/xalem.com\/public_html\/?page_id=819"},"modified":"2021-05-10T09:47:13","modified_gmt":"2021-05-10T09:47:13","slug":"zumba","status":"publish","type":"page","link":"https:\/\/www.xalemextraescolars.com\/index.php\/infants-i-joves\/activitats-extraescolars\/zumba\/","title":{"rendered":"Zumba"},"content":{"rendered":"\n<p>Si t\u2019agrada la m\u00fasica, ballar, jugar i expermientar amb el propi cos, t\u2019agradar\u00e0 zumba! Hi aprenem a expressar-nos amb el cos i a seguir el ritme de les can\u00e7ons a trav\u00e9s de diferents propostes pedag\u00f2giques.<\/p>\n\n\n\n<figure class=\"wp-block-gallery columns-3 is-cropped wp-block-gallery-1 is-layout-flex wp-block-gallery-is-layout-flex\"><ul class=\"blocks-gallery-grid\"><li class=\"blocks-gallery-item\"><figure><img loading=\"lazy\" decoding=\"async\" width=\"1024\" height=\"575\" src=\"http:\/\/masoveriadeterradellas.com\/xalem.com\/public_html\/wp-content\/uploads\/2021\/05\/IMG-20180403-WA0017-1024x575.jpg\" alt=\"\" data-id=\"1232\" data-link=\"http:\/\/masoveriadeterradellas.com\/xalem.com\/public_html\/index.php\/infants-i-joves\/activitats-extraescolars\/zumba\/img-20180403-wa0017\/\" class=\"wp-image-1232\" srcset=\"https:\/\/www.xalemextraescolars.com\/wp-content\/uploads\/2021\/05\/IMG-20180403-WA0017-1024x575.jpg 1024w, https:\/\/www.xalemextraescolars.com\/wp-content\/uploads\/2021\/05\/IMG-20180403-WA0017-300x168.jpg 300w, https:\/\/www.xalemextraescolars.com\/wp-content\/uploads\/2021\/05\/IMG-20180403-WA0017-768x431.jpg 768w, https:\/\/www.xalemextraescolars.com\/wp-content\/uploads\/2021\/05\/IMG-20180403-WA0017-1536x862.jpg 1536w, https:\/\/www.xalemextraescolars.com\/wp-content\/uploads\/2021\/05\/IMG-20180403-WA0017-535x300.jpg 535w, https:\/\/www.xalemextraescolars.com\/wp-content\/uploads\/2021\/05\/IMG-20180403-WA0017.jpg 1600w\" sizes=\"auto, (max-width: 1024px) 100vw, 1024px\" \/><\/figure><\/li><li class=\"blocks-gallery-item\"><figure><img loading=\"lazy\" decoding=\"async\" width=\"1024\" height=\"768\" src=\"http:\/\/masoveriadeterradellas.com\/xalem.com\/public_html\/wp-content\/uploads\/2021\/05\/WhatsApp-Image-2021-05-10-at-11.42.15-2-1024x768.jpeg\" alt=\"\" data-id=\"1233\" data-link=\"http:\/\/masoveriadeterradellas.com\/xalem.com\/public_html\/index.php\/infants-i-joves\/activitats-extraescolars\/zumba\/whatsapp-image-2021-05-10-at-11-42-15-2\/\" class=\"wp-image-1233\" srcset=\"https:\/\/www.xalemextraescolars.com\/wp-content\/uploads\/2021\/05\/WhatsApp-Image-2021-05-10-at-11.42.15-2-1024x768.jpeg 1024w, https:\/\/www.xalemextraescolars.com\/wp-content\/uploads\/2021\/05\/WhatsApp-Image-2021-05-10-at-11.42.15-2-300x225.jpeg 300w, https:\/\/www.xalemextraescolars.com\/wp-content\/uploads\/2021\/05\/WhatsApp-Image-2021-05-10-at-11.42.15-2-768x576.jpeg 768w, https:\/\/www.xalemextraescolars.com\/wp-content\/uploads\/2021\/05\/WhatsApp-Image-2021-05-10-at-11.42.15-2-1536x1152.jpeg 1536w, https:\/\/www.xalemextraescolars.com\/wp-content\/uploads\/2021\/05\/WhatsApp-Image-2021-05-10-at-11.42.15-2-400x300.jpeg 400w, https:\/\/www.xalemextraescolars.com\/wp-content\/uploads\/2021\/05\/WhatsApp-Image-2021-05-10-at-11.42.15-2.jpeg 1600w\" sizes=\"auto, (max-width: 1024px) 100vw, 1024px\" \/><\/figure><\/li><li class=\"blocks-gallery-item\"><figure><img loading=\"lazy\" decoding=\"async\" width=\"1024\" height=\"768\" src=\"http:\/\/masoveriadeterradellas.com\/xalem.com\/public_html\/wp-content\/uploads\/2021\/05\/WhatsApp-Image-2021-05-10-at-11.42.15-1024x768.jpeg\" alt=\"\" data-id=\"1235\" data-link=\"http:\/\/masoveriadeterradellas.com\/xalem.com\/public_html\/index.php\/infants-i-joves\/activitats-extraescolars\/zumba\/whatsapp-image-2021-05-10-at-11-42-15\/\" class=\"wp-image-1235\" srcset=\"https:\/\/www.xalemextraescolars.com\/wp-content\/uploads\/2021\/05\/WhatsApp-Image-2021-05-10-at-11.42.15-1024x768.jpeg 1024w, https:\/\/www.xalemextraescolars.com\/wp-content\/uploads\/2021\/05\/WhatsApp-Image-2021-05-10-at-11.42.15-300x225.jpeg 300w, https:\/\/www.xalemextraescolars.com\/wp-content\/uploads\/2021\/05\/WhatsApp-Image-2021-05-10-at-11.42.15-768x576.jpeg 768w, https:\/\/www.xalemextraescolars.com\/wp-content\/uploads\/2021\/05\/WhatsApp-Image-2021-05-10-at-11.42.15-1536x1152.jpeg 1536w, https:\/\/www.xalemextraescolars.com\/wp-content\/uploads\/2021\/05\/WhatsApp-Image-2021-05-10-at-11.42.15-400x300.jpeg 400w, https:\/\/www.xalemextraescolars.com\/wp-content\/uploads\/2021\/05\/WhatsApp-Image-2021-05-10-at-11.42.15.jpeg 1600w\" sizes=\"auto, (max-width: 1024px) 100vw, 1024px\" \/><\/figure><\/li><li class=\"blocks-gallery-item\"><figure><img loading=\"lazy\" decoding=\"async\" width=\"1024\" height=\"768\" src=\"http:\/\/masoveriadeterradellas.com\/xalem.com\/public_html\/wp-content\/uploads\/2021\/05\/IMG-20180529-WA0005-1-1024x768.jpg\" alt=\"\" data-id=\"1240\" data-full-url=\"http:\/\/masoveriadeterradellas.com\/xalem.com\/public_html\/wp-content\/uploads\/2021\/05\/IMG-20180529-WA0005-1.jpg\" data-link=\"http:\/\/masoveriadeterradellas.com\/xalem.com\/public_html\/index.php\/infants-i-joves\/activitats-extraescolars\/zumba\/img-20180529-wa0005-1\/\" class=\"wp-image-1240\" srcset=\"https:\/\/www.xalemextraescolars.com\/wp-content\/uploads\/2021\/05\/IMG-20180529-WA0005-1-1024x768.jpg 1024w, https:\/\/www.xalemextraescolars.com\/wp-content\/uploads\/2021\/05\/IMG-20180529-WA0005-1-300x225.jpg 300w, https:\/\/www.xalemextraescolars.com\/wp-content\/uploads\/2021\/05\/IMG-20180529-WA0005-1-768x576.jpg 768w, https:\/\/www.xalemextraescolars.com\/wp-content\/uploads\/2021\/05\/IMG-20180529-WA0005-1-1536x1153.jpg 1536w, https:\/\/www.xalemextraescolars.com\/wp-content\/uploads\/2021\/05\/IMG-20180529-WA0005-1-400x300.jpg 400w, https:\/\/www.xalemextraescolars.com\/wp-content\/uploads\/2021\/05\/IMG-20180529-WA0005-1.jpg 1599w\" sizes=\"auto, (max-width: 1024px) 100vw, 1024px\" \/><\/figure><\/li><\/ul><\/figure>\n\n\n\n<p><\/p>\n","protected":false},"excerpt":{"rendered":"<p>Si t\u2019agrada la m\u00fasica, ballar, jugar i expermientar amb el propi cos, t\u2019agradar\u00e0 zumba! Hi aprenem a expressar-nos amb el cos i a seguir el &hellip;<\/p>\n","protected":false},"author":1,"featured_media":0,"parent":772,"menu_order":3,"comment_status":"closed","ping_status":"closed","template":"","meta":{"footnotes":""},"class_list":["post-819","page","type-page","status-publish","hentry"],"_links":{"self":[{"href":"https:\/\/www.xalemextraescolars.com\/index.php\/wp-json\/wp\/v2\/pages\/819","targetHints":{"allow":["GET"]}}],"collection":[{"href":"https:\/\/www.xalemextraescolars.com\/index.php\/wp-json\/wp\/v2\/pages"}],"about":[{"href":"https:\/\/www.xalemextraescolars.com\/index.php\/wp-json\/wp\/v2\/types\/page"}],"author":[{"embeddable":true,"href":"https:\/\/www.xalemextraescolars.com\/index.php\/wp-json\/wp\/v2\/users\/1"}],"replies":[{"embeddable":true,"href":"https:\/\/www.xalemextraescolars.com\/index.php\/wp-json\/wp\/v2\/comments?post=819"}],"version-history":[{"count":4,"href":"https:\/\/www.xalemextraescolars.com\/index.php\/wp-json\/wp\/v2\/pages\/819\/revisions"}],"predecessor-version":[{"id":1241,"href":"https:\/\/www.xalemextraescolars.com\/index.php\/wp-json\/wp\/v2\/pages\/819\/revisions\/1241"}],"up":[{"embeddable":true,"href":"https:\/\/www.xalemextraescolars.com\/index.php\/wp-json\/wp\/v2\/pages\/772"}],"wp:attachment":[{"href":"https:\/\/www.xalemextraescolars.com\/index.php\/wp-json\/wp\/v2\/media?parent=819"}],"curies":[{"name":"wp","href":"https:\/\/api.w.org\/{rel}","templated":true}]}}