{"id":827,"date":"2021-03-22T16:11:59","date_gmt":"2021-03-22T16:11:59","guid":{"rendered":"http:\/\/masoveriadeterradellas.com\/xalem.com\/public_html\/?page_id=827"},"modified":"2021-05-10T09:06:48","modified_gmt":"2021-05-10T09:06:48","slug":"padel","status":"publish","type":"page","link":"https:\/\/www.xalemextraescolars.com\/index.php\/adults\/padel\/","title":{"rendered":"P\u00e0del"},"content":{"rendered":"\n<p>Si ets amant del p\u00e0del t&#8217;oferim sessions en grups redu\u00efts, on aprendr\u00e0s i millorar\u00e0s la t\u00e8cnica i la t\u00e0ctica d&#8217;aquest esport. Amb un monitor amb una gran experi\u00e8ncia i unes instal\u00b7lacions immillorables a la casa rural de la Cabana.&nbsp;<\/p>\n\n\n\n<p>Vine i gaudeix d&#8217;aquesta activitat i d&#8217;aquest esport tant emocionant!<\/p>\n\n\n\n<p>Pistes de p\u00e0del de Casa Rural La Cabana (Casserres)<\/p>\n\n\n\n<p>Realitzades Francesc Flores<\/p>\n\n\n\n<p><\/p>\n\n\n\n<figure class=\"wp-block-gallery columns-2 is-cropped wp-block-gallery-1 is-layout-flex wp-block-gallery-is-layout-flex\"><ul class=\"blocks-gallery-grid\"><li class=\"blocks-gallery-item\"><figure><img loading=\"lazy\" decoding=\"async\" width=\"1024\" height=\"576\" src=\"http:\/\/masoveriadeterradellas.com\/xalem.com\/public_html\/wp-content\/uploads\/2021\/05\/IMG-20171101-WA0016-1024x576.jpg\" alt=\"\" data-id=\"1197\" data-full-url=\"http:\/\/masoveriadeterradellas.com\/xalem.com\/public_html\/wp-content\/uploads\/2021\/05\/IMG-20171101-WA0016.jpg\" data-link=\"http:\/\/masoveriadeterradellas.com\/xalem.com\/public_html\/index.php\/adults\/padel\/img-20171101-wa0016\/\" class=\"wp-image-1197\" srcset=\"https:\/\/www.xalemextraescolars.com\/wp-content\/uploads\/2021\/05\/IMG-20171101-WA0016-1024x576.jpg 1024w, https:\/\/www.xalemextraescolars.com\/wp-content\/uploads\/2021\/05\/IMG-20171101-WA0016-300x169.jpg 300w, https:\/\/www.xalemextraescolars.com\/wp-content\/uploads\/2021\/05\/IMG-20171101-WA0016-768x432.jpg 768w, https:\/\/www.xalemextraescolars.com\/wp-content\/uploads\/2021\/05\/IMG-20171101-WA0016-1536x864.jpg 1536w, https:\/\/www.xalemextraescolars.com\/wp-content\/uploads\/2021\/05\/IMG-20171101-WA0016-533x300.jpg 533w, https:\/\/www.xalemextraescolars.com\/wp-content\/uploads\/2021\/05\/IMG-20171101-WA0016.jpg 1552w\" sizes=\"auto, (max-width: 1024px) 100vw, 1024px\" \/><\/figure><\/li><li class=\"blocks-gallery-item\"><figure><img loading=\"lazy\" decoding=\"async\" width=\"1024\" height=\"576\" src=\"http:\/\/masoveriadeterradellas.com\/xalem.com\/public_html\/wp-content\/uploads\/2021\/05\/IMG-20171101-WA0019-1024x576.jpg\" alt=\"\" data-id=\"1198\" data-full-url=\"http:\/\/masoveriadeterradellas.com\/xalem.com\/public_html\/wp-content\/uploads\/2021\/05\/IMG-20171101-WA0019.jpg\" data-link=\"http:\/\/masoveriadeterradellas.com\/xalem.com\/public_html\/index.php\/adults\/padel\/img-20171101-wa0019\/\" class=\"wp-image-1198\" srcset=\"https:\/\/www.xalemextraescolars.com\/wp-content\/uploads\/2021\/05\/IMG-20171101-WA0019-1024x576.jpg 1024w, https:\/\/www.xalemextraescolars.com\/wp-content\/uploads\/2021\/05\/IMG-20171101-WA0019-300x169.jpg 300w, https:\/\/www.xalemextraescolars.com\/wp-content\/uploads\/2021\/05\/IMG-20171101-WA0019-768x432.jpg 768w, https:\/\/www.xalemextraescolars.com\/wp-content\/uploads\/2021\/05\/IMG-20171101-WA0019-1536x864.jpg 1536w, https:\/\/www.xalemextraescolars.com\/wp-content\/uploads\/2021\/05\/IMG-20171101-WA0019-533x300.jpg 533w, https:\/\/www.xalemextraescolars.com\/wp-content\/uploads\/2021\/05\/IMG-20171101-WA0019.jpg 1552w\" sizes=\"auto, (max-width: 1024px) 100vw, 1024px\" \/><\/figure><\/li><\/ul><\/figure>\n","protected":false},"excerpt":{"rendered":"<p>Si ets amant del p\u00e0del t&#8217;oferim sessions en grups redu\u00efts, on aprendr\u00e0s i millorar\u00e0s la t\u00e8cnica i la t\u00e0ctica d&#8217;aquest esport. Amb un monitor amb &hellip;<\/p>\n","protected":false},"author":1,"featured_media":0,"parent":788,"menu_order":4,"comment_status":"closed","ping_status":"closed","template":"","meta":{"footnotes":""},"class_list":["post-827","page","type-page","status-publish","hentry"],"_links":{"self":[{"href":"https:\/\/www.xalemextraescolars.com\/index.php\/wp-json\/wp\/v2\/pages\/827","targetHints":{"allow":["GET"]}}],"collection":[{"href":"https:\/\/www.xalemextraescolars.com\/index.php\/wp-json\/wp\/v2\/pages"}],"about":[{"href":"https:\/\/www.xalemextraescolars.com\/index.php\/wp-json\/wp\/v2\/types\/page"}],"author":[{"embeddable":true,"href":"https:\/\/www.xalemextraescolars.com\/index.php\/wp-json\/wp\/v2\/users\/1"}],"replies":[{"embeddable":true,"href":"https:\/\/www.xalemextraescolars.com\/index.php\/wp-json\/wp\/v2\/comments?post=827"}],"version-history":[{"count":2,"href":"https:\/\/www.xalemextraescolars.com\/index.php\/wp-json\/wp\/v2\/pages\/827\/revisions"}],"predecessor-version":[{"id":1199,"href":"https:\/\/www.xalemextraescolars.com\/index.php\/wp-json\/wp\/v2\/pages\/827\/revisions\/1199"}],"up":[{"embeddable":true,"href":"https:\/\/www.xalemextraescolars.com\/index.php\/wp-json\/wp\/v2\/pages\/788"}],"wp:attachment":[{"href":"https:\/\/www.xalemextraescolars.com\/index.php\/wp-json\/wp\/v2\/media?parent=827"}],"curies":[{"name":"wp","href":"https:\/\/api.w.org\/{rel}","templated":true}]}}