{"id":834,"date":"2021-03-22T16:13:53","date_gmt":"2021-03-22T16:13:53","guid":{"rendered":"http:\/\/masoveriadeterradellas.com\/xalem.com\/public_html\/?page_id=834"},"modified":"2021-05-14T07:14:51","modified_gmt":"2021-05-14T07:14:51","slug":"natacio-amb-nadons","status":"publish","type":"page","link":"https:\/\/www.xalemextraescolars.com\/index.php\/families\/natacio-amb-nadons\/","title":{"rendered":"Nataci\u00f3 amb nadons"},"content":{"rendered":"\n<p>A l&#8217;spa de La Barraca hi passen coses molt boniques. LEs fam\u00edlies venen amb els seus nadons i gaudeixen de la piscina. S\u00f3n classes dirigides on es busca familiaritzar-se en el medi i treuren el millor benefici per l&#8217;adult i el nad\u00f3. <\/p>\n\n\n\n<p>A partir de 3 anys, els infants venen sense l&#8217;adult d&#8217;acompanyant i s&#8217;inicien en l&#8217;aprenentatge de nadar a m\u00e9s a m\u00e9s d&#8217;acabar-se de familiaritzar en el medi aqu\u00e0tic. <\/p>\n\n\n\n<figure class=\"wp-block-gallery columns-2 is-cropped wp-block-gallery-1 is-layout-flex wp-block-gallery-is-layout-flex\"><ul class=\"blocks-gallery-grid\"><li class=\"blocks-gallery-item\"><figure><img loading=\"lazy\" decoding=\"async\" width=\"1024\" height=\"768\" src=\"http:\/\/xalemextraescolars.com\/wp-content\/uploads\/2021\/05\/WhatsApp-Image-2021-05-14-at-08.54.21.jpeg\" alt=\"\" data-id=\"1350\" data-link=\"http:\/\/xalemextraescolars.com\/index.php\/families\/natacio-amb-nadons\/whatsapp-image-2021-05-14-at-08-54-21\/\" class=\"wp-image-1350\" srcset=\"https:\/\/www.xalemextraescolars.com\/wp-content\/uploads\/2021\/05\/WhatsApp-Image-2021-05-14-at-08.54.21.jpeg 1024w, https:\/\/www.xalemextraescolars.com\/wp-content\/uploads\/2021\/05\/WhatsApp-Image-2021-05-14-at-08.54.21-300x225.jpeg 300w, https:\/\/www.xalemextraescolars.com\/wp-content\/uploads\/2021\/05\/WhatsApp-Image-2021-05-14-at-08.54.21-768x576.jpeg 768w, https:\/\/www.xalemextraescolars.com\/wp-content\/uploads\/2021\/05\/WhatsApp-Image-2021-05-14-at-08.54.21-400x300.jpeg 400w\" sizes=\"auto, (max-width: 1024px) 100vw, 1024px\" \/><\/figure><\/li><li class=\"blocks-gallery-item\"><figure><img loading=\"lazy\" decoding=\"async\" width=\"1024\" height=\"768\" src=\"http:\/\/xalemextraescolars.com\/wp-content\/uploads\/2021\/05\/WhatsApp-Image-2021-05-14-at-08.54.19.jpeg\" alt=\"\" data-id=\"1351\" data-full-url=\"http:\/\/xalemextraescolars.com\/wp-content\/uploads\/2021\/05\/WhatsApp-Image-2021-05-14-at-08.54.19.jpeg\" data-link=\"http:\/\/xalemextraescolars.com\/index.php\/families\/natacio-amb-nadons\/whatsapp-image-2021-05-14-at-08-54-19\/\" class=\"wp-image-1351\" srcset=\"https:\/\/www.xalemextraescolars.com\/wp-content\/uploads\/2021\/05\/WhatsApp-Image-2021-05-14-at-08.54.19.jpeg 1024w, https:\/\/www.xalemextraescolars.com\/wp-content\/uploads\/2021\/05\/WhatsApp-Image-2021-05-14-at-08.54.19-300x225.jpeg 300w, https:\/\/www.xalemextraescolars.com\/wp-content\/uploads\/2021\/05\/WhatsApp-Image-2021-05-14-at-08.54.19-768x576.jpeg 768w, https:\/\/www.xalemextraescolars.com\/wp-content\/uploads\/2021\/05\/WhatsApp-Image-2021-05-14-at-08.54.19-400x300.jpeg 400w\" sizes=\"auto, (max-width: 1024px) 100vw, 1024px\" \/><\/figure><\/li><\/ul><\/figure>\n","protected":false},"excerpt":{"rendered":"<p>A l&#8217;spa de La Barraca hi passen coses molt boniques. LEs fam\u00edlies venen amb els seus nadons i gaudeixen de la piscina. S\u00f3n classes dirigides &hellip;<\/p>\n","protected":false},"author":1,"featured_media":0,"parent":795,"menu_order":1,"comment_status":"closed","ping_status":"closed","template":"","meta":{"footnotes":""},"class_list":["post-834","page","type-page","status-publish","hentry"],"_links":{"self":[{"href":"https:\/\/www.xalemextraescolars.com\/index.php\/wp-json\/wp\/v2\/pages\/834","targetHints":{"allow":["GET"]}}],"collection":[{"href":"https:\/\/www.xalemextraescolars.com\/index.php\/wp-json\/wp\/v2\/pages"}],"about":[{"href":"https:\/\/www.xalemextraescolars.com\/index.php\/wp-json\/wp\/v2\/types\/page"}],"author":[{"embeddable":true,"href":"https:\/\/www.xalemextraescolars.com\/index.php\/wp-json\/wp\/v2\/users\/1"}],"replies":[{"embeddable":true,"href":"https:\/\/www.xalemextraescolars.com\/index.php\/wp-json\/wp\/v2\/comments?post=834"}],"version-history":[{"count":3,"href":"https:\/\/www.xalemextraescolars.com\/index.php\/wp-json\/wp\/v2\/pages\/834\/revisions"}],"predecessor-version":[{"id":1372,"href":"https:\/\/www.xalemextraescolars.com\/index.php\/wp-json\/wp\/v2\/pages\/834\/revisions\/1372"}],"up":[{"embeddable":true,"href":"https:\/\/www.xalemextraescolars.com\/index.php\/wp-json\/wp\/v2\/pages\/795"}],"wp:attachment":[{"href":"https:\/\/www.xalemextraescolars.com\/index.php\/wp-json\/wp\/v2\/media?parent=834"}],"curies":[{"name":"wp","href":"https:\/\/api.w.org\/{rel}","templated":true}]}}